{"id":1267,"date":"2019-08-14T17:18:24","date_gmt":"2019-08-14T15:18:24","guid":{"rendered":"http:\/\/terapeutica.com.pl\/?page_id=1267"},"modified":"2019-10-06T19:31:47","modified_gmt":"2019-10-06T17:31:47","slug":"dolacz-do-naszego-zespolu","status":"publish","type":"page","link":"https:\/\/terapeutica.com.pl\/index.php\/dolacz-do-naszego-zespolu\/","title":{"rendered":"<i class=\"fas fa-user-tie\"><\/i> Do\u0142\u0105cz do naszego zespo\u0142u"},"content":{"rendered":"<h2>Poszukujemy do wsp\u00f3\u0142pracy na nast\u0119puj\u0105ce stanowiska:<\/h2>\n<hr>\n<div style=\"margin-top: 30px;\">\n<h3>Psychoterapeuta dzieci i m\u0142odzie\u017cy oraz par\/rodzin<\/h3>\n<hr width=\"50%\" align=\"left\">\n<p><b>Wymagania:<\/b><\/p>\n<ul>\n<li>dyplom uko\u0144czenia studi\u00f3w psychologicznych<\/li>\n<li>certyfikat psychoterapeuty (lub w trakcie)<\/li>\n<li>do\u015bwiadczenie w pracy psychoterapeutycznej<\/li>\n<\/ul>\n<hr>\n<\/div>\n<div style=\"margin-top: 30px;\">\n<h3>Psycholog<\/h3>\n<hr width=\"50%\" align=\"left\">\n<p><b>Wymagania:<\/b><\/p>\n<ul>\n<li>dyplom uko\u0144czenia studi\u00f3w psychologicznych<\/li>\n<li> do\u015bwiadczenie w zakresie diagnozy i terapii psychologicznej<\/li>\n<\/ul>\n<hr>\n<\/div>\n<div style=\"margin-top: 30px;\">\n<h3>Logopeda\/neurologopeda<\/h3>\n<hr width=\"50%\" align=\"left\">\n<p><b>Wymagania:<\/b><\/p>\n<ul>\n<li>dyplom uko\u0144czenia studi\u00f3w wy\u017cszych<\/li>\n<li>dyplom uko\u0144czenia podyplomowych z logopedii\/neurologopedii<\/li>\n<li>do\u015bwiadczenie w pracy diagnostycznej i terapeutycznej<\/li>\n<li>mile widziane do\u015bwiadczenie w pracy z dzie\u0107mi z ca\u0142o\u015bciowymi zaburzeniami rozwoju<\/li>\n<\/ul>\n<hr>\n<\/div>\n<div style=\"margin-top: 30px;\">\n<h3>Terapeuta integracji sensorycznej<\/h3>\n<hr width=\"50%\" align=\"left\">\n<p><b>Wymagania:<\/b><\/p>\n<ul>\n<li>dyplom uko\u0144czenia studi\u00f3w wy\u017cszych<\/li>\n<li>uprawnienia do prowadzenia terapii i diagnozy Integracji Sensorycznej (certyfikat I i II stopnia lub studia podyplomowe)<\/li>\n<li> do\u015bwiadczenie w prowadzeniu terapii SI<\/li>\n<\/ul>\n<\/div>\n<div style=\"margin-top: 30px;\">\n<hr width=\"50%\" align=\"left\">\n<p><b><\/b><\/p>\n<p><b><\/b><\/p>\n<p><b><\/b><\/p>\n<p><b><\/b><\/p>\n<p><b><\/b><\/p>\n<p><b><\/b><\/p>\n<p><b><\/b><\/p>\n<p><b><\/p>\n<h3>Oferujemy:<\/h3>\n<p><\/b><b><\/b><b><\/b><b><\/b><b><\/b><b><\/b><b><\/b><b><\/b><b><\/b><b><\/b><b><\/b><b><\/b><b><\/b><b><\/b><b><\/b><b><\/b><b><\/b><b><\/b><b><\/b><b><\/b><b><\/b><\/p>\n<ul>\n<li>atrakcyjne wynagrodzenie<\/li>\n<li>elastyczne godziny pracy<\/li>\n<li>praca w gronie do\u015bwiadczonych specjalist\u00f3w<\/li>\n<li>zatrudnienie w oparciu o umow\u0119 zlecenie<\/li>\n<li>wszelkie dzia\u0142ania marketingowe i promocyjne<\/li>\n<li>pe\u0142n\u0105 obs\u0142ug\u0119 gabinetow\u0105, recepcyjn\u0105 itp.<\/li>\n<li>prac\u0119 w przyjemnej, pozytywnej atmosferze<\/li>\n<\/ul>\n<hr>\n<\/div>\n<div style=\"margin-top: 30px;\">\n<p><b>Prosimy do\u0142\u0105czy\u0107 nast\u0119puj\u0105c\u0105 klauzul\u0119 do CV:<\/b><\/p>\n<p><i>\u201e Wyra\u017cam zgod\u0119 na przetwarzanie moich danych osobowych w celu rekrutacji zgodnie<br \/>\nz art. 6 ust. 1 lit. a Rozporz\u0105dzenia Parlamentu Europejskiego i Rady (UE) 2016\/679 z<br \/>\ndnia 27 kwietnia 2016 r. w sprawie ochrony os\u00f3b fizycznych w zwi\u0105zku z<br \/>\nprzetwarzaniem danych osobowych i w sprawie swobodnego przep\u0142ywu takich<br \/>\ndanych oraz uchylenia dyrektywy 95\/46\/WE (og\u00f3lne rozporz\u0105dzenie o ochronie<br \/>\ndanych).\u201d<\/i><\/p>\n<p><b>Zastrzegamy sobie mo\u017cliwo\u015b\u0107 kontaktu wy\u0142\u0105cznie z wybranymi kandydatami.<\/b><\/p>\n<hr>\n<\/div>\n<div style=\"margin-top: 30px;\">\n\n<div class=\"wpcf7 no-js\" id=\"wpcf7-f1335-o1\" lang=\"pl-PL\" dir=\"ltr\">\n<div class=\"screen-reader-response\"><p role=\"status\" aria-live=\"polite\" aria-atomic=\"true\"><\/p> <ul><\/ul><\/div>\n<form action=\"\/index.php\/wp-json\/wp\/v2\/pages\/1267#wpcf7-f1335-o1\" method=\"post\" class=\"wpcf7-form init\" aria-label=\"Formularz kontaktowy\" enctype=\"multipart\/form-data\" novalidate=\"novalidate\" data-status=\"init\">\n<div style=\"display: none;\">\n<input type=\"hidden\" name=\"_wpcf7\" value=\"1335\" \/>\n<input type=\"hidden\" name=\"_wpcf7_version\" value=\"5.9.8\" \/>\n<input type=\"hidden\" name=\"_wpcf7_locale\" value=\"pl_PL\" \/>\n<input type=\"hidden\" name=\"_wpcf7_unit_tag\" value=\"wpcf7-f1335-o1\" \/>\n<input type=\"hidden\" name=\"_wpcf7_container_post\" value=\"0\" \/>\n<input type=\"hidden\" name=\"_wpcf7_posted_data_hash\" value=\"\" \/>\n<\/div>\n<div class=\"d-flex\">\n\t<div class=\"col-12 col-sm-12 col-md-10 col-lg-7 col-xl-7\">\n\t\t<h3>Zg\u0142o\u015b si\u0119 u\u017cywaj\u0105\u0107 fomularza:\n\t\t<\/h3>\n\t\t<div style=\"width: 100%\">\n\t\t\t<p><label> Imi\u0119 i nazwisko (wymagane) <\/label><br \/>\n<span class=\"wpcf7-form-control-wrap\" data-name=\"your-name\"><input size=\"40\" maxlength=\"400\" class=\"wpcf7-form-control wpcf7-text wpcf7-validates-as-required full\" aria-required=\"true\" aria-invalid=\"false\" value=\"\" type=\"text\" name=\"your-name\" \/><\/span>\n\t\t\t<\/p>\n\t\t<\/div>\n\t\t<div style=\"width:100%\">\n\t\t\t<p><label> Adres email (wymagane)<\/label><br \/>\n<span class=\"wpcf7-form-control-wrap\" data-name=\"your-email\"><input size=\"40\" maxlength=\"400\" class=\"wpcf7-form-control wpcf7-email wpcf7-validates-as-required wpcf7-text wpcf7-validates-as-email full\" aria-required=\"true\" aria-invalid=\"false\" value=\"\" type=\"email\" name=\"your-email\" \/><\/span>\n\t\t\t<\/p>\n\t\t<\/div>\n\t\t<div style=\"width:100%\">\n\t\t\t<p><label> Telefon (wymagane)<\/label><br \/>\n<span class=\"wpcf7-form-control-wrap\" data-name=\"tel-998\"><input size=\"40\" maxlength=\"400\" class=\"wpcf7-form-control wpcf7-tel wpcf7-validates-as-required wpcf7-text wpcf7-validates-as-tel full\" aria-required=\"true\" aria-invalid=\"false\" value=\"\" type=\"tel\" name=\"tel-998\" \/><\/span>\n\t\t\t<\/p>\n\t\t<\/div>\n\t\t<div style=\"width:100%\">\n\t\t\t<p><label> Stanowisko, na kt\u00f3re aplikuje (wymagane)<\/label><br \/>\n<span class=\"wpcf7-form-control-wrap\" data-name=\"stan\"><input size=\"40\" maxlength=\"400\" class=\"wpcf7-form-control wpcf7-text wpcf7-validates-as-required full\" aria-required=\"true\" aria-invalid=\"false\" value=\"\" type=\"text\" name=\"stan\" \/><\/span>\n\t\t\t<\/p>\n\t\t<\/div>\n\t\t<div style=\"width:100%\">\n\t\t\t<p><label> Kr\u00f3tki opis do\u015bwiadcze\u0144 zawodowych (wymagane)<\/label><br \/>\n<span class=\"wpcf7-form-control-wrap\" data-name=\"your-message\"><textarea cols=\"40\" rows=\"10\" maxlength=\"2000\" class=\"wpcf7-form-control wpcf7-textarea wpcf7-validates-as-required full\" aria-required=\"true\" aria-invalid=\"false\" name=\"your-message\"><\/textarea><\/span>\n\t\t\t<\/p>\n\t\t<\/div>\n\t\t<div>\n\t\t\t<p><label> Za\u0142\u0105cz CV (wymagane)<br \/>\n<span class=\"wpcf7-form-control-wrap\" data-name=\"file-718\"><input size=\"40\" class=\"wpcf7-form-control wpcf7-file wpcf7-validates-as-required\" accept=\"audio\/*,video\/*,image\/*\" aria-required=\"true\" aria-invalid=\"false\" type=\"file\" name=\"file-718\" \/><\/span> <\/label>\n\t\t\t<\/p>\n\t\t\t<div style=\"width:100%\">\n\t\t\t\t<p><span class=\"wpcf7-form-control-wrap\" data-name=\"accept-this-1\"><span class=\"wpcf7-form-control wpcf7-acceptance\"><span class=\"wpcf7-list-item\"><label><input type=\"checkbox\" name=\"accept-this-1\" value=\"1\" aria-invalid=\"false\" \/><span class=\"wpcf7-list-item-label\">Wyra\u017cam zgod\u0119 na przetwarzanie danych osobowych zgodnie z ustaw\u0105 o ochronie danych\nosobowych w zwi\u0105zku z aplikacj\u0105 na stanowisko przez formularz kontaktowy. Podanie danych\njest dobrowolne, ale niezb\u0119dne do przetworzenia zapytania. Zosta\u0142em\/am poinformowany\/a,\n\u017ce przys\u0142uguje mi prawo do swoich danych, mo\u017cliwo\u015bci ich poprawienia, \u017c\u0105dania ich\nprzetwarzania. Administratorem danych osobowych jest Terapeutica Agnieszka Boczek,\nadres: ul. Spacerowa 1A, 05-822 Milan\u00f3wek.<\/span><\/label><\/span><\/span><\/span>\n\t\t\t\t<\/p>\n\t\t\t\t<p><span class=\"wpcf7-form-control-wrap\" data-name=\"acceptance-931\"><span class=\"wpcf7-form-control wpcf7-acceptance\"><span class=\"wpcf7-list-item\"><label><input type=\"checkbox\" name=\"acceptance-931\" value=\"1\" aria-invalid=\"false\" \/><span class=\"wpcf7-list-item-label\">Wyra\u017cam zgod\u0119 na przetwarzanie moich danych osobowych w celu rekrutacji zgodnie z art. 6 ust. 1 lit. a Rozporz\u0105dzenia Parlamentu Europejskiego i Rady (UE) 2016\/679 z dnia 27 kwietnia 2016 r. w sprawie ochrony os\u00f3b fizycznych w zwi\u0105zku z przetwarzaniem danych osobowych i w sprawie swobodnego przep\u0142ywu takich danych oraz uchylenia dyrektywy 95\/46\/WE (og\u00f3lne rozporz\u0105dzenie o ochronie danych)<\/span><\/label><\/span><\/span><\/span>\n\t\t\t\t<\/p>\n\t\t\t\t<p><button class=\"btn btn-outline-light\"><input class=\"wpcf7-form-control wpcf7-submit has-spinner\" type=\"submit\" value=\"Wy\u015blij\" \/><\/button>\n\t\t\t\t<\/p>\n\t\t\t<\/div>\n\t\t<\/div>\n\t<\/div>\n<\/div><div class=\"wpcf7-response-output\" aria-hidden=\"true\"><\/div>\n<\/form>\n<\/div>\n<\/div>\n","protected":false},"excerpt":{"rendered":"<p>Poszukujemy do wsp\u00f3\u0142pracy na nast\u0119puj\u0105ce stanowiska: Psychoterapeuta dzieci i m\u0142odzie\u017cy oraz par\/rodzin Wymagania: dyplom uko\u0144czenia studi\u00f3w psychologicznych certyfikat psychoterapeuty (lub w trakcie) do\u015bwiadczenie w pracy psychoterapeutycznej Psycholog Wymagania: dyplom uko\u0144czenia studi\u00f3w psychologicznych do\u015bwiadczenie w zakresie diagnozy i terapii psychologicznej Logopeda\/neurologopeda Wymagania: dyplom uko\u0144czenia studi\u00f3w wy\u017cszych dyplom uko\u0144czenia podyplomowych z logopedii\/neurologopedii&#8230;<\/p>\n","protected":false},"author":1,"featured_media":0,"parent":0,"menu_order":0,"comment_status":"closed","ping_status":"closed","template":"","meta":{"footnotes":""},"class_list":["post-1267","page","type-page","status-publish","hentry"],"yoast_head":"<!-- This site is optimized with the Yoast SEO plugin v23.5 - https:\/\/yoast.com\/wordpress\/plugins\/seo\/ -->\n<title>Do\u0142\u0105cz do naszego zespo\u0142u - Terapeutica<\/title>\n<meta name=\"robots\" content=\"index, follow, max-snippet:-1, max-image-preview:large, max-video-preview:-1\" \/>\n<link rel=\"canonical\" href=\"https:\/\/terapeutica.com.pl\/index.php\/dolacz-do-naszego-zespolu\/\" \/>\n<meta property=\"og:locale\" content=\"pl_PL\" \/>\n<meta property=\"og:type\" content=\"article\" \/>\n<meta property=\"og:title\" content=\"Do\u0142\u0105cz do naszego zespo\u0142u - Terapeutica\" \/>\n<meta property=\"og:description\" content=\"Poszukujemy do wsp\u00f3\u0142pracy na nast\u0119puj\u0105ce stanowiska: Psychoterapeuta dzieci i m\u0142odzie\u017cy oraz par\/rodzin Wymagania: dyplom uko\u0144czenia studi\u00f3w psychologicznych certyfikat psychoterapeuty (lub w trakcie) do\u015bwiadczenie w pracy psychoterapeutycznej Psycholog Wymagania: dyplom uko\u0144czenia studi\u00f3w psychologicznych do\u015bwiadczenie w zakresie diagnozy i terapii psychologicznej Logopeda\/neurologopeda Wymagania: dyplom uko\u0144czenia studi\u00f3w wy\u017cszych dyplom uko\u0144czenia podyplomowych z logopedii\/neurologopedii...\" \/>\n<meta property=\"og:url\" content=\"https:\/\/terapeutica.com.pl\/index.php\/dolacz-do-naszego-zespolu\/\" \/>\n<meta property=\"og:site_name\" content=\"Terapeutica\" \/>\n<meta property=\"article:publisher\" content=\"https:\/\/www.facebook.com\/terapeutica.milanowek\" \/>\n<meta property=\"article:modified_time\" content=\"2019-10-06T17:31:47+00:00\" \/>\n<meta name=\"twitter:card\" content=\"summary_large_image\" \/>\n<meta name=\"twitter:label1\" content=\"Szacowany czas czytania\" \/>\n\t<meta name=\"twitter:data1\" content=\"1 minuta\" \/>\n<script type=\"application\/ld+json\" class=\"yoast-schema-graph\">{\"@context\":\"https:\/\/schema.org\",\"@graph\":[{\"@type\":\"WebPage\",\"@id\":\"https:\/\/terapeutica.com.pl\/index.php\/dolacz-do-naszego-zespolu\/\",\"url\":\"https:\/\/terapeutica.com.pl\/index.php\/dolacz-do-naszego-zespolu\/\",\"name\":\"Do\u0142\u0105cz do naszego zespo\u0142u - Terapeutica\",\"isPartOf\":{\"@id\":\"https:\/\/terapeutica.com.pl\/#website\"},\"datePublished\":\"2019-08-14T15:18:24+00:00\",\"dateModified\":\"2019-10-06T17:31:47+00:00\",\"breadcrumb\":{\"@id\":\"https:\/\/terapeutica.com.pl\/index.php\/dolacz-do-naszego-zespolu\/#breadcrumb\"},\"inLanguage\":\"pl-PL\",\"potentialAction\":[{\"@type\":\"ReadAction\",\"target\":[\"https:\/\/terapeutica.com.pl\/index.php\/dolacz-do-naszego-zespolu\/\"]}]},{\"@type\":\"BreadcrumbList\",\"@id\":\"https:\/\/terapeutica.com.pl\/index.php\/dolacz-do-naszego-zespolu\/#breadcrumb\",\"itemListElement\":[{\"@type\":\"ListItem\",\"position\":1,\"name\":\"Strona g\u0142\u00f3wna\",\"item\":\"https:\/\/terapeutica.com.pl\/\"},{\"@type\":\"ListItem\",\"position\":2,\"name\":\"Do\u0142\u0105cz do naszego zespo\u0142u\"}]},{\"@type\":\"WebSite\",\"@id\":\"https:\/\/terapeutica.com.pl\/#website\",\"url\":\"https:\/\/terapeutica.com.pl\/\",\"name\":\"Terapeutica\",\"description\":\"Poradnia psychiatryczno - psychologiczna dla dzieci, m\u0142odzie\u017cy i rodzic\u00f3w w Milan\u00f3wku.\",\"publisher\":{\"@id\":\"https:\/\/terapeutica.com.pl\/#organization\"},\"potentialAction\":[{\"@type\":\"SearchAction\",\"target\":{\"@type\":\"EntryPoint\",\"urlTemplate\":\"https:\/\/terapeutica.com.pl\/?s={search_term_string}\"},\"query-input\":{\"@type\":\"PropertyValueSpecification\",\"valueRequired\":true,\"valueName\":\"search_term_string\"}}],\"inLanguage\":\"pl-PL\"},{\"@type\":\"Organization\",\"@id\":\"https:\/\/terapeutica.com.pl\/#organization\",\"name\":\"Terapeutica\",\"url\":\"https:\/\/terapeutica.com.pl\/\",\"logo\":{\"@type\":\"ImageObject\",\"inLanguage\":\"pl-PL\",\"@id\":\"https:\/\/terapeutica.com.pl\/#\/schema\/logo\/image\/\",\"url\":\"https:\/\/terapeutica.com.pl\/wp-content\/uploads\/2024\/10\/terap_logo.png\",\"contentUrl\":\"https:\/\/terapeutica.com.pl\/wp-content\/uploads\/2024\/10\/terap_logo.png\",\"width\":1080,\"height\":1080,\"caption\":\"Terapeutica\"},\"image\":{\"@id\":\"https:\/\/terapeutica.com.pl\/#\/schema\/logo\/image\/\"},\"sameAs\":[\"https:\/\/www.facebook.com\/terapeutica.milanowek\"]}]}<\/script>\n<!-- \/ Yoast SEO plugin. -->","yoast_head_json":{"title":"Do\u0142\u0105cz do naszego zespo\u0142u - Terapeutica","robots":{"index":"index","follow":"follow","max-snippet":"max-snippet:-1","max-image-preview":"max-image-preview:large","max-video-preview":"max-video-preview:-1"},"canonical":"https:\/\/terapeutica.com.pl\/index.php\/dolacz-do-naszego-zespolu\/","og_locale":"pl_PL","og_type":"article","og_title":"Do\u0142\u0105cz do naszego zespo\u0142u - Terapeutica","og_description":"Poszukujemy do wsp\u00f3\u0142pracy na nast\u0119puj\u0105ce stanowiska: Psychoterapeuta dzieci i m\u0142odzie\u017cy oraz par\/rodzin Wymagania: dyplom uko\u0144czenia studi\u00f3w psychologicznych certyfikat psychoterapeuty (lub w trakcie) do\u015bwiadczenie w pracy psychoterapeutycznej Psycholog Wymagania: dyplom uko\u0144czenia studi\u00f3w psychologicznych do\u015bwiadczenie w zakresie diagnozy i terapii psychologicznej Logopeda\/neurologopeda Wymagania: dyplom uko\u0144czenia studi\u00f3w wy\u017cszych dyplom uko\u0144czenia podyplomowych z logopedii\/neurologopedii...","og_url":"https:\/\/terapeutica.com.pl\/index.php\/dolacz-do-naszego-zespolu\/","og_site_name":"Terapeutica","article_publisher":"https:\/\/www.facebook.com\/terapeutica.milanowek","article_modified_time":"2019-10-06T17:31:47+00:00","twitter_card":"summary_large_image","twitter_misc":{"Szacowany czas czytania":"1 minuta"},"schema":{"@context":"https:\/\/schema.org","@graph":[{"@type":"WebPage","@id":"https:\/\/terapeutica.com.pl\/index.php\/dolacz-do-naszego-zespolu\/","url":"https:\/\/terapeutica.com.pl\/index.php\/dolacz-do-naszego-zespolu\/","name":"Do\u0142\u0105cz do naszego zespo\u0142u - Terapeutica","isPartOf":{"@id":"https:\/\/terapeutica.com.pl\/#website"},"datePublished":"2019-08-14T15:18:24+00:00","dateModified":"2019-10-06T17:31:47+00:00","breadcrumb":{"@id":"https:\/\/terapeutica.com.pl\/index.php\/dolacz-do-naszego-zespolu\/#breadcrumb"},"inLanguage":"pl-PL","potentialAction":[{"@type":"ReadAction","target":["https:\/\/terapeutica.com.pl\/index.php\/dolacz-do-naszego-zespolu\/"]}]},{"@type":"BreadcrumbList","@id":"https:\/\/terapeutica.com.pl\/index.php\/dolacz-do-naszego-zespolu\/#breadcrumb","itemListElement":[{"@type":"ListItem","position":1,"name":"Strona g\u0142\u00f3wna","item":"https:\/\/terapeutica.com.pl\/"},{"@type":"ListItem","position":2,"name":"Do\u0142\u0105cz do naszego zespo\u0142u"}]},{"@type":"WebSite","@id":"https:\/\/terapeutica.com.pl\/#website","url":"https:\/\/terapeutica.com.pl\/","name":"Terapeutica","description":"Poradnia psychiatryczno - psychologiczna dla dzieci, m\u0142odzie\u017cy i rodzic\u00f3w w Milan\u00f3wku.","publisher":{"@id":"https:\/\/terapeutica.com.pl\/#organization"},"potentialAction":[{"@type":"SearchAction","target":{"@type":"EntryPoint","urlTemplate":"https:\/\/terapeutica.com.pl\/?s={search_term_string}"},"query-input":{"@type":"PropertyValueSpecification","valueRequired":true,"valueName":"search_term_string"}}],"inLanguage":"pl-PL"},{"@type":"Organization","@id":"https:\/\/terapeutica.com.pl\/#organization","name":"Terapeutica","url":"https:\/\/terapeutica.com.pl\/","logo":{"@type":"ImageObject","inLanguage":"pl-PL","@id":"https:\/\/terapeutica.com.pl\/#\/schema\/logo\/image\/","url":"https:\/\/terapeutica.com.pl\/wp-content\/uploads\/2024\/10\/terap_logo.png","contentUrl":"https:\/\/terapeutica.com.pl\/wp-content\/uploads\/2024\/10\/terap_logo.png","width":1080,"height":1080,"caption":"Terapeutica"},"image":{"@id":"https:\/\/terapeutica.com.pl\/#\/schema\/logo\/image\/"},"sameAs":["https:\/\/www.facebook.com\/terapeutica.milanowek"]}]}},"_links":{"self":[{"href":"https:\/\/terapeutica.com.pl\/index.php\/wp-json\/wp\/v2\/pages\/1267"}],"collection":[{"href":"https:\/\/terapeutica.com.pl\/index.php\/wp-json\/wp\/v2\/pages"}],"about":[{"href":"https:\/\/terapeutica.com.pl\/index.php\/wp-json\/wp\/v2\/types\/page"}],"author":[{"embeddable":true,"href":"https:\/\/terapeutica.com.pl\/index.php\/wp-json\/wp\/v2\/users\/1"}],"replies":[{"embeddable":true,"href":"https:\/\/terapeutica.com.pl\/index.php\/wp-json\/wp\/v2\/comments?post=1267"}],"version-history":[{"count":61,"href":"https:\/\/terapeutica.com.pl\/index.php\/wp-json\/wp\/v2\/pages\/1267\/revisions"}],"predecessor-version":[{"id":2092,"href":"https:\/\/terapeutica.com.pl\/index.php\/wp-json\/wp\/v2\/pages\/1267\/revisions\/2092"}],"wp:attachment":[{"href":"https:\/\/terapeutica.com.pl\/index.php\/wp-json\/wp\/v2\/media?parent=1267"}],"curies":[{"name":"wp","href":"https:\/\/api.w.org\/{rel}","templated":true}]}}