{"id":2887,"date":"2020-10-12T18:43:09","date_gmt":"2020-10-12T16:43:09","guid":{"rendered":"https:\/\/terapeutica.com.pl\/?page_id=2887"},"modified":"2020-10-14T13:37:56","modified_gmt":"2020-10-14T11:37:56","slug":"oferta-neurolog","status":"publish","type":"page","link":"https:\/\/terapeutica.com.pl\/index.php\/oferta-neurolog\/","title":{"rendered":"Neurolog\u200b"},"content":{"rendered":"<div class=\"d-flex row justify-content-center\">\n<div class=\"uslugacontainer text-justify\">\n<h4 class=\"text-center mb-5\"><b>KONSULTACJE NEUROLOGICZNE\u200b\u200b\u200b<\/b><\/h4>\n<p><b>Lekarz neurolog<\/b> specjalizuje si\u0119 w diagnostyce i leczeniu schorze\u0144 o\u015brodkowego i obwodowego uk\u0142adu nerwowego, a tak\u017ce leczeniu schorze\u0144 m\u00f3zgu, rdzenia kr\u0119gowego i nerw\u00f3w obwodowych. \u200b<\/p>\n<p>Podczas wizyty lekarz ocenia funkcjonowanie m\u00f3zgu i koordynacj\u0119 ruchow\u0105 cia\u0142a.Najcz\u0119\u015bciej niepokoj\u0105ce objawy, z jakimi zg\u0142aszaj\u0105 si\u0119 pacjenci po 16 roku \u017cycie oraz doro\u015bli na konsultacj\u0119 neurologiczn\u0105, dotycz\u0105:\u200b<\/p>\n<ul>\n<li>k\u0142opot\u00f3w z pami\u0119ci\u0105 i koncentracj\u0105 uwagi,\u200b\u200b<\/li>\n<li>b\u00f3lu i zawrot\u00f3w g\u0142owy,\u200b\u200b<\/li>\n<li>zaburze\u0144 czucia,mowy i widzenia,\u200b\u200b\u200b\u200b<\/li>\n<li>zaburze\u0144 \u015bwiadomo\u015bci,\u200b\u200b\u200b\u200b<\/li>\n<li>zmian zachowania i nadpobudliwo\u015bci.\u200b\u200b\u200b\u200b<\/li>\n<\/ul>\n<p>Lekarz neurolog mo\u017ce zaleci\u0107 poszerzenie diagnostyki o dodatkowe badania, takie jak badanie okulistyczne, laryngologiczne, badanie EEG itp. Psychiatria i neurologia s\u0105 dziedzinami pokrewnymi i wsp\u00f3\u0142praca specjalist\u00f3w z tych dziedzin jest cz\u0119sto wa\u017cnym elementem w procesie diagnostycznym.\u200b<\/p>\n<h4 class=\"text-center mb-5 mt-5\"><b>CENNIK\u200b\u200b\u200b<\/b><\/h4>\n<p><b>Cena konsultacji neurologicznej to 150 z\u0142<\/b> za godzin\u0119. Czas konsultacji neurologicznej jest ustalany indywidualnie.\u200b<\/p>\n<h4 class=\"text-center mt-5 mb-5\"><b>NASI SPECJALI\u015aCI:\u200b\u200b<\/b><\/h4>\n<div class=\"d-flex flex-wrap justify-content-around\">\n<div class=\"ml-2 mr-2 text-center\">\n<img loading=\"lazy\" decoding=\"async\" class=\"mb-2\" src=\"https:\/\/terapeutica.com.pl\/wp-content\/uploads\/2020\/10\/osoba.png\" height=\"160\" width=\"120\"><br \/>\n<a href=\"https:\/\/terapeutica.com.pl\/index.php\/edyta-mil-skura\/\"><span class=\"mt-1\"><b>Edyta Mil-Skura<\/b><\/span><\/a><\/div>\n<\/div>\n<\/div>\n<\/div>\n","protected":false},"excerpt":{"rendered":"<p>KONSULTACJE NEUROLOGICZNE\u200b\u200b\u200b Lekarz neurolog specjalizuje si\u0119 w diagnostyce i leczeniu schorze\u0144 o\u015brodkowego i obwodowego uk\u0142adu nerwowego, a tak\u017ce leczeniu schorze\u0144 m\u00f3zgu, rdzenia kr\u0119gowego i nerw\u00f3w obwodowych. \u200b Podczas wizyty lekarz ocenia funkcjonowanie m\u00f3zgu i koordynacj\u0119 ruchow\u0105 cia\u0142a.Najcz\u0119\u015bciej niepokoj\u0105ce objawy, z jakimi zg\u0142aszaj\u0105 si\u0119 pacjenci po 16 roku \u017cycie oraz doro\u015bli&#8230;<\/p>\n","protected":false},"author":1,"featured_media":0,"parent":0,"menu_order":0,"comment_status":"closed","ping_status":"closed","template":"","meta":{"footnotes":""},"class_list":["post-2887","page","type-page","status-publish","hentry"],"yoast_head":"<!-- This site is optimized with the Yoast SEO plugin v23.5 - https:\/\/yoast.com\/wordpress\/plugins\/seo\/ -->\n<title>Neurolog\u200b - Terapeutica<\/title>\n<meta name=\"robots\" content=\"index, follow, max-snippet:-1, max-image-preview:large, max-video-preview:-1\" \/>\n<link rel=\"canonical\" href=\"https:\/\/terapeutica.com.pl\/index.php\/oferta-neurolog\/\" \/>\n<meta property=\"og:locale\" content=\"pl_PL\" \/>\n<meta property=\"og:type\" content=\"article\" \/>\n<meta property=\"og:title\" content=\"Neurolog\u200b - Terapeutica\" \/>\n<meta property=\"og:description\" content=\"KONSULTACJE NEUROLOGICZNE\u200b\u200b\u200b Lekarz neurolog specjalizuje si\u0119 w diagnostyce i leczeniu schorze\u0144 o\u015brodkowego i obwodowego uk\u0142adu nerwowego, a tak\u017ce leczeniu schorze\u0144 m\u00f3zgu, rdzenia kr\u0119gowego i nerw\u00f3w obwodowych. \u200b Podczas wizyty lekarz ocenia funkcjonowanie m\u00f3zgu i koordynacj\u0119 ruchow\u0105 cia\u0142a.Najcz\u0119\u015bciej niepokoj\u0105ce objawy, z jakimi zg\u0142aszaj\u0105 si\u0119 pacjenci po 16 roku \u017cycie oraz doro\u015bli...\" \/>\n<meta property=\"og:url\" content=\"https:\/\/terapeutica.com.pl\/index.php\/oferta-neurolog\/\" \/>\n<meta property=\"og:site_name\" content=\"Terapeutica\" \/>\n<meta property=\"article:publisher\" content=\"https:\/\/www.facebook.com\/terapeutica.milanowek\" \/>\n<meta property=\"article:modified_time\" content=\"2020-10-14T11:37:56+00:00\" \/>\n<meta property=\"og:image\" content=\"https:\/\/terapeutica.com.pl\/wp-content\/uploads\/2020\/10\/osoba.png\" \/>\n<meta name=\"twitter:card\" content=\"summary_large_image\" \/>\n<meta name=\"twitter:label1\" content=\"Szacowany czas czytania\" \/>\n\t<meta name=\"twitter:data1\" content=\"1 minuta\" \/>\n<script type=\"application\/ld+json\" class=\"yoast-schema-graph\">{\"@context\":\"https:\/\/schema.org\",\"@graph\":[{\"@type\":\"WebPage\",\"@id\":\"https:\/\/terapeutica.com.pl\/index.php\/oferta-neurolog\/\",\"url\":\"https:\/\/terapeutica.com.pl\/index.php\/oferta-neurolog\/\",\"name\":\"Neurolog\u200b - Terapeutica\",\"isPartOf\":{\"@id\":\"https:\/\/terapeutica.com.pl\/#website\"},\"primaryImageOfPage\":{\"@id\":\"https:\/\/terapeutica.com.pl\/index.php\/oferta-neurolog\/#primaryimage\"},\"image\":{\"@id\":\"https:\/\/terapeutica.com.pl\/index.php\/oferta-neurolog\/#primaryimage\"},\"thumbnailUrl\":\"https:\/\/terapeutica.com.pl\/wp-content\/uploads\/2020\/10\/osoba.png\",\"datePublished\":\"2020-10-12T16:43:09+00:00\",\"dateModified\":\"2020-10-14T11:37:56+00:00\",\"breadcrumb\":{\"@id\":\"https:\/\/terapeutica.com.pl\/index.php\/oferta-neurolog\/#breadcrumb\"},\"inLanguage\":\"pl-PL\",\"potentialAction\":[{\"@type\":\"ReadAction\",\"target\":[\"https:\/\/terapeutica.com.pl\/index.php\/oferta-neurolog\/\"]}]},{\"@type\":\"ImageObject\",\"inLanguage\":\"pl-PL\",\"@id\":\"https:\/\/terapeutica.com.pl\/index.php\/oferta-neurolog\/#primaryimage\",\"url\":\"https:\/\/terapeutica.com.pl\/wp-content\/uploads\/2020\/10\/osoba.png\",\"contentUrl\":\"https:\/\/terapeutica.com.pl\/wp-content\/uploads\/2020\/10\/osoba.png\",\"width\":317,\"height\":364},{\"@type\":\"BreadcrumbList\",\"@id\":\"https:\/\/terapeutica.com.pl\/index.php\/oferta-neurolog\/#breadcrumb\",\"itemListElement\":[{\"@type\":\"ListItem\",\"position\":1,\"name\":\"Strona g\u0142\u00f3wna\",\"item\":\"https:\/\/terapeutica.com.pl\/\"},{\"@type\":\"ListItem\",\"position\":2,\"name\":\"Neurolog\u200b\"}]},{\"@type\":\"WebSite\",\"@id\":\"https:\/\/terapeutica.com.pl\/#website\",\"url\":\"https:\/\/terapeutica.com.pl\/\",\"name\":\"Terapeutica\",\"description\":\"Poradnia psychiatryczno - psychologiczna dla dzieci, m\u0142odzie\u017cy i rodzic\u00f3w w Milan\u00f3wku.\",\"publisher\":{\"@id\":\"https:\/\/terapeutica.com.pl\/#organization\"},\"potentialAction\":[{\"@type\":\"SearchAction\",\"target\":{\"@type\":\"EntryPoint\",\"urlTemplate\":\"https:\/\/terapeutica.com.pl\/?s={search_term_string}\"},\"query-input\":{\"@type\":\"PropertyValueSpecification\",\"valueRequired\":true,\"valueName\":\"search_term_string\"}}],\"inLanguage\":\"pl-PL\"},{\"@type\":\"Organization\",\"@id\":\"https:\/\/terapeutica.com.pl\/#organization\",\"name\":\"Terapeutica\",\"url\":\"https:\/\/terapeutica.com.pl\/\",\"logo\":{\"@type\":\"ImageObject\",\"inLanguage\":\"pl-PL\",\"@id\":\"https:\/\/terapeutica.com.pl\/#\/schema\/logo\/image\/\",\"url\":\"https:\/\/terapeutica.com.pl\/wp-content\/uploads\/2024\/10\/terap_logo.png\",\"contentUrl\":\"https:\/\/terapeutica.com.pl\/wp-content\/uploads\/2024\/10\/terap_logo.png\",\"width\":1080,\"height\":1080,\"caption\":\"Terapeutica\"},\"image\":{\"@id\":\"https:\/\/terapeutica.com.pl\/#\/schema\/logo\/image\/\"},\"sameAs\":[\"https:\/\/www.facebook.com\/terapeutica.milanowek\"]}]}<\/script>\n<!-- \/ Yoast SEO plugin. -->","yoast_head_json":{"title":"Neurolog\u200b - Terapeutica","robots":{"index":"index","follow":"follow","max-snippet":"max-snippet:-1","max-image-preview":"max-image-preview:large","max-video-preview":"max-video-preview:-1"},"canonical":"https:\/\/terapeutica.com.pl\/index.php\/oferta-neurolog\/","og_locale":"pl_PL","og_type":"article","og_title":"Neurolog\u200b - Terapeutica","og_description":"KONSULTACJE NEUROLOGICZNE\u200b\u200b\u200b Lekarz neurolog specjalizuje si\u0119 w diagnostyce i leczeniu schorze\u0144 o\u015brodkowego i obwodowego uk\u0142adu nerwowego, a tak\u017ce leczeniu schorze\u0144 m\u00f3zgu, rdzenia kr\u0119gowego i nerw\u00f3w obwodowych. \u200b Podczas wizyty lekarz ocenia funkcjonowanie m\u00f3zgu i koordynacj\u0119 ruchow\u0105 cia\u0142a.Najcz\u0119\u015bciej niepokoj\u0105ce objawy, z jakimi zg\u0142aszaj\u0105 si\u0119 pacjenci po 16 roku \u017cycie oraz doro\u015bli...","og_url":"https:\/\/terapeutica.com.pl\/index.php\/oferta-neurolog\/","og_site_name":"Terapeutica","article_publisher":"https:\/\/www.facebook.com\/terapeutica.milanowek","article_modified_time":"2020-10-14T11:37:56+00:00","og_image":[{"url":"https:\/\/terapeutica.com.pl\/wp-content\/uploads\/2020\/10\/osoba.png"}],"twitter_card":"summary_large_image","twitter_misc":{"Szacowany czas czytania":"1 minuta"},"schema":{"@context":"https:\/\/schema.org","@graph":[{"@type":"WebPage","@id":"https:\/\/terapeutica.com.pl\/index.php\/oferta-neurolog\/","url":"https:\/\/terapeutica.com.pl\/index.php\/oferta-neurolog\/","name":"Neurolog\u200b - Terapeutica","isPartOf":{"@id":"https:\/\/terapeutica.com.pl\/#website"},"primaryImageOfPage":{"@id":"https:\/\/terapeutica.com.pl\/index.php\/oferta-neurolog\/#primaryimage"},"image":{"@id":"https:\/\/terapeutica.com.pl\/index.php\/oferta-neurolog\/#primaryimage"},"thumbnailUrl":"https:\/\/terapeutica.com.pl\/wp-content\/uploads\/2020\/10\/osoba.png","datePublished":"2020-10-12T16:43:09+00:00","dateModified":"2020-10-14T11:37:56+00:00","breadcrumb":{"@id":"https:\/\/terapeutica.com.pl\/index.php\/oferta-neurolog\/#breadcrumb"},"inLanguage":"pl-PL","potentialAction":[{"@type":"ReadAction","target":["https:\/\/terapeutica.com.pl\/index.php\/oferta-neurolog\/"]}]},{"@type":"ImageObject","inLanguage":"pl-PL","@id":"https:\/\/terapeutica.com.pl\/index.php\/oferta-neurolog\/#primaryimage","url":"https:\/\/terapeutica.com.pl\/wp-content\/uploads\/2020\/10\/osoba.png","contentUrl":"https:\/\/terapeutica.com.pl\/wp-content\/uploads\/2020\/10\/osoba.png","width":317,"height":364},{"@type":"BreadcrumbList","@id":"https:\/\/terapeutica.com.pl\/index.php\/oferta-neurolog\/#breadcrumb","itemListElement":[{"@type":"ListItem","position":1,"name":"Strona g\u0142\u00f3wna","item":"https:\/\/terapeutica.com.pl\/"},{"@type":"ListItem","position":2,"name":"Neurolog\u200b"}]},{"@type":"WebSite","@id":"https:\/\/terapeutica.com.pl\/#website","url":"https:\/\/terapeutica.com.pl\/","name":"Terapeutica","description":"Poradnia psychiatryczno - psychologiczna dla dzieci, m\u0142odzie\u017cy i rodzic\u00f3w w Milan\u00f3wku.","publisher":{"@id":"https:\/\/terapeutica.com.pl\/#organization"},"potentialAction":[{"@type":"SearchAction","target":{"@type":"EntryPoint","urlTemplate":"https:\/\/terapeutica.com.pl\/?s={search_term_string}"},"query-input":{"@type":"PropertyValueSpecification","valueRequired":true,"valueName":"search_term_string"}}],"inLanguage":"pl-PL"},{"@type":"Organization","@id":"https:\/\/terapeutica.com.pl\/#organization","name":"Terapeutica","url":"https:\/\/terapeutica.com.pl\/","logo":{"@type":"ImageObject","inLanguage":"pl-PL","@id":"https:\/\/terapeutica.com.pl\/#\/schema\/logo\/image\/","url":"https:\/\/terapeutica.com.pl\/wp-content\/uploads\/2024\/10\/terap_logo.png","contentUrl":"https:\/\/terapeutica.com.pl\/wp-content\/uploads\/2024\/10\/terap_logo.png","width":1080,"height":1080,"caption":"Terapeutica"},"image":{"@id":"https:\/\/terapeutica.com.pl\/#\/schema\/logo\/image\/"},"sameAs":["https:\/\/www.facebook.com\/terapeutica.milanowek"]}]}},"_links":{"self":[{"href":"https:\/\/terapeutica.com.pl\/index.php\/wp-json\/wp\/v2\/pages\/2887"}],"collection":[{"href":"https:\/\/terapeutica.com.pl\/index.php\/wp-json\/wp\/v2\/pages"}],"about":[{"href":"https:\/\/terapeutica.com.pl\/index.php\/wp-json\/wp\/v2\/types\/page"}],"author":[{"embeddable":true,"href":"https:\/\/terapeutica.com.pl\/index.php\/wp-json\/wp\/v2\/users\/1"}],"replies":[{"embeddable":true,"href":"https:\/\/terapeutica.com.pl\/index.php\/wp-json\/wp\/v2\/comments?post=2887"}],"version-history":[{"count":5,"href":"https:\/\/terapeutica.com.pl\/index.php\/wp-json\/wp\/v2\/pages\/2887\/revisions"}],"predecessor-version":[{"id":2959,"href":"https:\/\/terapeutica.com.pl\/index.php\/wp-json\/wp\/v2\/pages\/2887\/revisions\/2959"}],"wp:attachment":[{"href":"https:\/\/terapeutica.com.pl\/index.php\/wp-json\/wp\/v2\/media?parent=2887"}],"curies":[{"name":"wp","href":"https:\/\/api.w.org\/{rel}","templated":true}]}}