{"id":3122,"date":"2024-02-01T13:13:57","date_gmt":"2024-02-01T12:13:57","guid":{"rendered":"https:\/\/u224582.webh.me\/?page_id=3122"},"modified":"2024-02-29T14:45:00","modified_gmt":"2024-02-29T13:45:00","slug":"konsultacja-psychologiczna-dla-mlodziezy","status":"publish","type":"page","link":"https:\/\/terapeutica.com.pl\/index.php\/konsultacja-psychologiczna-dla-mlodziezy\/","title":{"rendered":"Konsultacja psychologiczna \/ psychologiczna \/ pedagogiczna dla m\u0142odzie\u017cy"},"content":{"rendered":"<div class=\"text-justify\"><span style=\"font-weight: 400;\">Pierwsze spotkanie odbywa si\u0119 w obecno\u015bci rodzic\u00f3w i nastolatka. Celem konsultacji jest dora\u017ane wsparcie i <\/span><span style=\"font-weight: 400;\">stworzenie wsp\u00f3lnie planu dalszych dzia\u0142a\u0144 <\/span><span style=\"font-weight: 400;\">w celu rozwi\u0105zaniu problemu<\/span><span style=\"font-weight: 400;\">. Je\u015bli istnieje potrzeba to r\u00f3wnie\u017c zalecenie wykonania konsultacji lekarskiej lub diagnozy psychologiczno-pedagogicznej, zaproponowanie podj\u0119cia odpowiedniej terapii indywidualnej lub grupowej.<\/span><\/p>\n<p><span style=\"font-weight: 400;\">Na to spotkanie rodzice powinni przynie\u015b\u0107 posiadan\u0105 dokumentacj\u0119 (ksi\u0105\u017ceczk\u0119 zdrowia, dokumentacj\u0119 medyczn\u0105 i\/lub psychologiczn\u0105, opini\u0119 ze szko\u0142y), kt\u00f3ra jest niezwykle pomocna w zaplanowaniu wsp\u00f3lnie z rodzicem procesu diagnostycznego i terapeutycznego.<\/span><\/p>\n<p><b>Konsultacje psychologiczne dotycz\u0105 w szczeg\u00f3lno\u015bci:<\/b><\/p>\n<ul>\n<li style=\"font-weight: 400;\" aria-level=\"1\"><span style=\"font-weight: 400;\">problem\u00f3w w sferze spo\u0142ecznej (trudno\u015bci w budowaniu i utrzymywaniu relacji z r\u00f3wie\u015bnikami oraz wa\u017cnymi osobami doros\u0142ymi &#8211; rodzicami, nauczycielami, zaburzenia adaptacyjne),<\/span><\/li>\n<li style=\"font-weight: 400;\" aria-level=\"1\"><span style=\"font-weight: 400;\">problem\u00f3w w sferze emocjonalnej (stany l\u0119kowe, depresyjne, zaburzenia od\u017cywania, niska samoocena, samookaleczenia, my\u015bli rezygnacyjne),<\/span><\/li>\n<li style=\"font-weight: 400;\" aria-level=\"1\"><span style=\"font-weight: 400;\">trudno\u015bci w nauce (zaburzona koncentracja uwagi i pami\u0119\u0107, utrata zainteresowania szko\u0142\u0105 b\u0105d\u017a odmowa chodzenia do szko\u0142y, problemy w pisaniu i czytaniu),<\/span><\/li>\n<li style=\"font-weight: 400;\" aria-level=\"1\"><span style=\"font-weight: 400;\">problem\u00f3w w zachowaniu (buntownicza postawa, agresja werbalna i fizyczna),<\/span><\/li>\n<li style=\"font-weight: 400;\" aria-level=\"1\"><span style=\"font-weight: 400;\">uzale\u017cnie\u0144 (od substancji lub nadmierne korzystanie z urz\u0105dze\u0144 multimedialnych),<\/span><\/li>\n<li style=\"font-weight: 400;\" aria-level=\"1\"><span style=\"font-weight: 400;\">trudno\u015bci w komunikacji ma\u0142\u017ce\u0144skiej rodzic\u00f3w ucznia,<\/span><\/li>\n<li style=\"font-weight: 400;\" aria-level=\"1\"><span style=\"font-weight: 400;\">problem\u00f3w zwi\u0105zanych z sytuacj\u0105 oko\u0142orozwodow\u0105 rodzic\u00f3w.<\/span><\/li>\n<\/ul>\n<\/div>\n","protected":false},"excerpt":{"rendered":"<p>Pierwsze spotkanie odbywa si\u0119 w obecno\u015bci rodzic\u00f3w i nastolatka. Celem konsultacji jest dora\u017ane wsparcie i stworzenie wsp\u00f3lnie planu dalszych dzia\u0142a\u0144 w celu rozwi\u0105zaniu problemu. Je\u015bli istnieje potrzeba to r\u00f3wnie\u017c zalecenie wykonania konsultacji lekarskiej lub diagnozy psychologiczno-pedagogicznej, zaproponowanie podj\u0119cia odpowiedniej terapii indywidualnej lub grupowej. Na to spotkanie rodzice powinni przynie\u015b\u0107 posiadan\u0105&#8230;<\/p>\n","protected":false},"author":1,"featured_media":0,"parent":0,"menu_order":0,"comment_status":"closed","ping_status":"closed","template":"","meta":{"footnotes":""},"class_list":["post-3122","page","type-page","status-publish","hentry"],"yoast_head":"<!-- This site is optimized with the Yoast SEO plugin v23.5 - https:\/\/yoast.com\/wordpress\/plugins\/seo\/ -->\n<title>Konsultacja psychologiczna \/ psychologiczna \/ pedagogiczna dla m\u0142odzie\u017cy - Terapeutica<\/title>\n<meta name=\"robots\" content=\"index, follow, max-snippet:-1, max-image-preview:large, max-video-preview:-1\" \/>\n<link rel=\"canonical\" href=\"https:\/\/terapeutica.com.pl\/index.php\/konsultacja-psychologiczna-dla-mlodziezy\/\" \/>\n<meta property=\"og:locale\" content=\"pl_PL\" \/>\n<meta property=\"og:type\" content=\"article\" \/>\n<meta property=\"og:title\" content=\"Konsultacja psychologiczna \/ psychologiczna \/ pedagogiczna dla m\u0142odzie\u017cy - Terapeutica\" \/>\n<meta property=\"og:description\" content=\"Pierwsze spotkanie odbywa si\u0119 w obecno\u015bci rodzic\u00f3w i nastolatka. Celem konsultacji jest dora\u017ane wsparcie i stworzenie wsp\u00f3lnie planu dalszych dzia\u0142a\u0144 w celu rozwi\u0105zaniu problemu. Je\u015bli istnieje potrzeba to r\u00f3wnie\u017c zalecenie wykonania konsultacji lekarskiej lub diagnozy psychologiczno-pedagogicznej, zaproponowanie podj\u0119cia odpowiedniej terapii indywidualnej lub grupowej. Na to spotkanie rodzice powinni przynie\u015b\u0107 posiadan\u0105...\" \/>\n<meta property=\"og:url\" content=\"https:\/\/terapeutica.com.pl\/index.php\/konsultacja-psychologiczna-dla-mlodziezy\/\" \/>\n<meta property=\"og:site_name\" content=\"Terapeutica\" \/>\n<meta property=\"article:publisher\" content=\"https:\/\/www.facebook.com\/terapeutica.milanowek\" \/>\n<meta property=\"article:modified_time\" content=\"2024-02-29T13:45:00+00:00\" \/>\n<meta name=\"twitter:card\" content=\"summary_large_image\" \/>\n<meta name=\"twitter:label1\" content=\"Szacowany czas czytania\" \/>\n\t<meta name=\"twitter:data1\" content=\"1 minuta\" \/>\n<script type=\"application\/ld+json\" class=\"yoast-schema-graph\">{\"@context\":\"https:\/\/schema.org\",\"@graph\":[{\"@type\":\"WebPage\",\"@id\":\"https:\/\/terapeutica.com.pl\/index.php\/konsultacja-psychologiczna-dla-mlodziezy\/\",\"url\":\"https:\/\/terapeutica.com.pl\/index.php\/konsultacja-psychologiczna-dla-mlodziezy\/\",\"name\":\"Konsultacja psychologiczna \/ psychologiczna \/ pedagogiczna dla m\u0142odzie\u017cy - Terapeutica\",\"isPartOf\":{\"@id\":\"https:\/\/terapeutica.com.pl\/#website\"},\"datePublished\":\"2024-02-01T12:13:57+00:00\",\"dateModified\":\"2024-02-29T13:45:00+00:00\",\"breadcrumb\":{\"@id\":\"https:\/\/terapeutica.com.pl\/index.php\/konsultacja-psychologiczna-dla-mlodziezy\/#breadcrumb\"},\"inLanguage\":\"pl-PL\",\"potentialAction\":[{\"@type\":\"ReadAction\",\"target\":[\"https:\/\/terapeutica.com.pl\/index.php\/konsultacja-psychologiczna-dla-mlodziezy\/\"]}]},{\"@type\":\"BreadcrumbList\",\"@id\":\"https:\/\/terapeutica.com.pl\/index.php\/konsultacja-psychologiczna-dla-mlodziezy\/#breadcrumb\",\"itemListElement\":[{\"@type\":\"ListItem\",\"position\":1,\"name\":\"Strona g\u0142\u00f3wna\",\"item\":\"https:\/\/terapeutica.com.pl\/\"},{\"@type\":\"ListItem\",\"position\":2,\"name\":\"Konsultacja psychologiczna \/ psychologiczna \/ pedagogiczna dla m\u0142odzie\u017cy\"}]},{\"@type\":\"WebSite\",\"@id\":\"https:\/\/terapeutica.com.pl\/#website\",\"url\":\"https:\/\/terapeutica.com.pl\/\",\"name\":\"Terapeutica\",\"description\":\"Poradnia psychiatryczno - psychologiczna dla dzieci, m\u0142odzie\u017cy i rodzic\u00f3w w Milan\u00f3wku.\",\"publisher\":{\"@id\":\"https:\/\/terapeutica.com.pl\/#organization\"},\"potentialAction\":[{\"@type\":\"SearchAction\",\"target\":{\"@type\":\"EntryPoint\",\"urlTemplate\":\"https:\/\/terapeutica.com.pl\/?s={search_term_string}\"},\"query-input\":{\"@type\":\"PropertyValueSpecification\",\"valueRequired\":true,\"valueName\":\"search_term_string\"}}],\"inLanguage\":\"pl-PL\"},{\"@type\":\"Organization\",\"@id\":\"https:\/\/terapeutica.com.pl\/#organization\",\"name\":\"Terapeutica\",\"url\":\"https:\/\/terapeutica.com.pl\/\",\"logo\":{\"@type\":\"ImageObject\",\"inLanguage\":\"pl-PL\",\"@id\":\"https:\/\/terapeutica.com.pl\/#\/schema\/logo\/image\/\",\"url\":\"https:\/\/terapeutica.com.pl\/wp-content\/uploads\/2024\/10\/terap_logo.png\",\"contentUrl\":\"https:\/\/terapeutica.com.pl\/wp-content\/uploads\/2024\/10\/terap_logo.png\",\"width\":1080,\"height\":1080,\"caption\":\"Terapeutica\"},\"image\":{\"@id\":\"https:\/\/terapeutica.com.pl\/#\/schema\/logo\/image\/\"},\"sameAs\":[\"https:\/\/www.facebook.com\/terapeutica.milanowek\"]}]}<\/script>\n<!-- \/ Yoast SEO plugin. -->","yoast_head_json":{"title":"Konsultacja psychologiczna \/ psychologiczna \/ pedagogiczna dla m\u0142odzie\u017cy - Terapeutica","robots":{"index":"index","follow":"follow","max-snippet":"max-snippet:-1","max-image-preview":"max-image-preview:large","max-video-preview":"max-video-preview:-1"},"canonical":"https:\/\/terapeutica.com.pl\/index.php\/konsultacja-psychologiczna-dla-mlodziezy\/","og_locale":"pl_PL","og_type":"article","og_title":"Konsultacja psychologiczna \/ psychologiczna \/ pedagogiczna dla m\u0142odzie\u017cy - Terapeutica","og_description":"Pierwsze spotkanie odbywa si\u0119 w obecno\u015bci rodzic\u00f3w i nastolatka. Celem konsultacji jest dora\u017ane wsparcie i stworzenie wsp\u00f3lnie planu dalszych dzia\u0142a\u0144 w celu rozwi\u0105zaniu problemu. Je\u015bli istnieje potrzeba to r\u00f3wnie\u017c zalecenie wykonania konsultacji lekarskiej lub diagnozy psychologiczno-pedagogicznej, zaproponowanie podj\u0119cia odpowiedniej terapii indywidualnej lub grupowej. Na to spotkanie rodzice powinni przynie\u015b\u0107 posiadan\u0105...","og_url":"https:\/\/terapeutica.com.pl\/index.php\/konsultacja-psychologiczna-dla-mlodziezy\/","og_site_name":"Terapeutica","article_publisher":"https:\/\/www.facebook.com\/terapeutica.milanowek","article_modified_time":"2024-02-29T13:45:00+00:00","twitter_card":"summary_large_image","twitter_misc":{"Szacowany czas czytania":"1 minuta"},"schema":{"@context":"https:\/\/schema.org","@graph":[{"@type":"WebPage","@id":"https:\/\/terapeutica.com.pl\/index.php\/konsultacja-psychologiczna-dla-mlodziezy\/","url":"https:\/\/terapeutica.com.pl\/index.php\/konsultacja-psychologiczna-dla-mlodziezy\/","name":"Konsultacja psychologiczna \/ psychologiczna \/ pedagogiczna dla m\u0142odzie\u017cy - Terapeutica","isPartOf":{"@id":"https:\/\/terapeutica.com.pl\/#website"},"datePublished":"2024-02-01T12:13:57+00:00","dateModified":"2024-02-29T13:45:00+00:00","breadcrumb":{"@id":"https:\/\/terapeutica.com.pl\/index.php\/konsultacja-psychologiczna-dla-mlodziezy\/#breadcrumb"},"inLanguage":"pl-PL","potentialAction":[{"@type":"ReadAction","target":["https:\/\/terapeutica.com.pl\/index.php\/konsultacja-psychologiczna-dla-mlodziezy\/"]}]},{"@type":"BreadcrumbList","@id":"https:\/\/terapeutica.com.pl\/index.php\/konsultacja-psychologiczna-dla-mlodziezy\/#breadcrumb","itemListElement":[{"@type":"ListItem","position":1,"name":"Strona g\u0142\u00f3wna","item":"https:\/\/terapeutica.com.pl\/"},{"@type":"ListItem","position":2,"name":"Konsultacja psychologiczna \/ psychologiczna \/ pedagogiczna dla m\u0142odzie\u017cy"}]},{"@type":"WebSite","@id":"https:\/\/terapeutica.com.pl\/#website","url":"https:\/\/terapeutica.com.pl\/","name":"Terapeutica","description":"Poradnia psychiatryczno - psychologiczna dla dzieci, m\u0142odzie\u017cy i rodzic\u00f3w w Milan\u00f3wku.","publisher":{"@id":"https:\/\/terapeutica.com.pl\/#organization"},"potentialAction":[{"@type":"SearchAction","target":{"@type":"EntryPoint","urlTemplate":"https:\/\/terapeutica.com.pl\/?s={search_term_string}"},"query-input":{"@type":"PropertyValueSpecification","valueRequired":true,"valueName":"search_term_string"}}],"inLanguage":"pl-PL"},{"@type":"Organization","@id":"https:\/\/terapeutica.com.pl\/#organization","name":"Terapeutica","url":"https:\/\/terapeutica.com.pl\/","logo":{"@type":"ImageObject","inLanguage":"pl-PL","@id":"https:\/\/terapeutica.com.pl\/#\/schema\/logo\/image\/","url":"https:\/\/terapeutica.com.pl\/wp-content\/uploads\/2024\/10\/terap_logo.png","contentUrl":"https:\/\/terapeutica.com.pl\/wp-content\/uploads\/2024\/10\/terap_logo.png","width":1080,"height":1080,"caption":"Terapeutica"},"image":{"@id":"https:\/\/terapeutica.com.pl\/#\/schema\/logo\/image\/"},"sameAs":["https:\/\/www.facebook.com\/terapeutica.milanowek"]}]}},"_links":{"self":[{"href":"https:\/\/terapeutica.com.pl\/index.php\/wp-json\/wp\/v2\/pages\/3122"}],"collection":[{"href":"https:\/\/terapeutica.com.pl\/index.php\/wp-json\/wp\/v2\/pages"}],"about":[{"href":"https:\/\/terapeutica.com.pl\/index.php\/wp-json\/wp\/v2\/types\/page"}],"author":[{"embeddable":true,"href":"https:\/\/terapeutica.com.pl\/index.php\/wp-json\/wp\/v2\/users\/1"}],"replies":[{"embeddable":true,"href":"https:\/\/terapeutica.com.pl\/index.php\/wp-json\/wp\/v2\/comments?post=3122"}],"version-history":[{"count":6,"href":"https:\/\/terapeutica.com.pl\/index.php\/wp-json\/wp\/v2\/pages\/3122\/revisions"}],"predecessor-version":[{"id":3396,"href":"https:\/\/terapeutica.com.pl\/index.php\/wp-json\/wp\/v2\/pages\/3122\/revisions\/3396"}],"wp:attachment":[{"href":"https:\/\/terapeutica.com.pl\/index.php\/wp-json\/wp\/v2\/media?parent=3122"}],"curies":[{"name":"wp","href":"https:\/\/api.w.org\/{rel}","templated":true}]}}