{"id":3143,"date":"2024-02-02T13:54:57","date_gmt":"2024-02-02T12:54:57","guid":{"rendered":"https:\/\/u224582.webh.me\/?page_id=3143"},"modified":"2024-03-11T18:31:21","modified_gmt":"2024-03-11T17:31:21","slug":"konsultacje-rodzicielskie","status":"publish","type":"page","link":"https:\/\/terapeutica.com.pl\/index.php\/konsultacje-rodzicielskie\/","title":{"rendered":"Konsultacje rodzicielskie"},"content":{"rendered":"<div class='text-justify'>\n\n\n<p>Niezale\u017cnie od wieku dziecka konsultacje dla rodzic\u00f3w s\u0105 ogromnym wsparciem. Na r\u00f3\u017cnych etapach rozwoju nasze dzieci niezmiennie potrzebuj\u0105 uwagi i blisko\u015bci rodzic\u00f3w. Podczas konsultacji dla rodzic\u00f3w pokazujemy, jak radzi\u0107 sobie z w\u0142asnymi emocjami i emocjami dziecka. To pozwoli lepiej zrozumie\u0107 siebie nawzajem i traktowa\u0107 swoje uczucia z szacunkiem.<\/p>\n\n\n\n<p>Wspieramy r\u00f3wnie\u017c rodzic\u00f3w, gdy w \u017cyciu rodzinnym pojawi\u0142y si\u0119 du\u017ce zmiany. Rozstanie rodzic\u00f3w to decyzja, kt\u00f3ra ma bardzo istotny wp\u0142yw zar\u00f3wno na doros\u0142ych jak i dziecko. Cz\u0119sto pojawiaj\u0105 si\u0119 pytania jak wyt\u0142umaczy\u0107 dziecku rozstanie rodzic\u00f3w, tak, \u017ceby w \u017caden spos\u00f3b nie czu\u0142o si\u0119 za to odpowiedzialne, albo odrzucone i niekochane. W sytuacjach takich jak rozw\u00f3d rodzic\u00f3w, choroba, \u015bmier\u0107, narodziny m\u0142odszego rodze\u0144stwa warto wspom\u00f3c si\u0119 wiedz\u0105, jak rozmawia\u0107 z dzieckiem. Uczymy tego na konsultacjach dla rodzic\u00f3w.&nbsp;<\/p>\n\n\n\n<p>Konsultacje w zale\u017cno\u015bci od zg\u0142aszanego problemu mog\u0105 obywa\u0107 si\u0119 z dwojgiem rodzic\u00f3w z dwoma specjalistami, dwojgiem rodzic\u00f3w z jednym specjalist\u0105 lub jednym rodzicem z jednym specjalist\u0105.<\/p>\n\n\n\n<p>Celem tych spotka\u0144 jest pomoc w ustaleniu wsp\u00f3lnych oddzia\u0142ywa\u0144 oraz minimalizacja negatywnych skutk\u00f3w emocjonalnych dla dziecka oraz jego rodzic\u00f3w.<\/p>\n\n\n<\/div>","protected":false},"excerpt":{"rendered":"<p>Niezale\u017cnie od wieku dziecka konsultacje dla rodzic\u00f3w s\u0105 ogromnym wsparciem. Na r\u00f3\u017cnych etapach rozwoju nasze dzieci niezmiennie potrzebuj\u0105 uwagi i blisko\u015bci rodzic\u00f3w. Podczas konsultacji dla rodzic\u00f3w pokazujemy, jak radzi\u0107 sobie z w\u0142asnymi emocjami i emocjami dziecka. To pozwoli lepiej zrozumie\u0107 siebie nawzajem i traktowa\u0107 swoje uczucia z szacunkiem. Wspieramy r\u00f3wnie\u017c&#8230;<\/p>\n","protected":false},"author":1,"featured_media":0,"parent":0,"menu_order":0,"comment_status":"closed","ping_status":"closed","template":"","meta":{"footnotes":""},"class_list":["post-3143","page","type-page","status-publish","hentry"],"yoast_head":"<!-- This site is optimized with the Yoast SEO plugin v23.5 - https:\/\/yoast.com\/wordpress\/plugins\/seo\/ -->\n<title>Konsultacje rodzicielskie - Terapeutica<\/title>\n<meta name=\"robots\" content=\"index, follow, max-snippet:-1, max-image-preview:large, max-video-preview:-1\" \/>\n<link rel=\"canonical\" href=\"https:\/\/terapeutica.com.pl\/index.php\/konsultacje-rodzicielskie\/\" \/>\n<meta property=\"og:locale\" content=\"pl_PL\" \/>\n<meta property=\"og:type\" content=\"article\" \/>\n<meta property=\"og:title\" content=\"Konsultacje rodzicielskie - Terapeutica\" \/>\n<meta property=\"og:description\" content=\"Niezale\u017cnie od wieku dziecka konsultacje dla rodzic\u00f3w s\u0105 ogromnym wsparciem. Na r\u00f3\u017cnych etapach rozwoju nasze dzieci niezmiennie potrzebuj\u0105 uwagi i blisko\u015bci rodzic\u00f3w. Podczas konsultacji dla rodzic\u00f3w pokazujemy, jak radzi\u0107 sobie z w\u0142asnymi emocjami i emocjami dziecka. To pozwoli lepiej zrozumie\u0107 siebie nawzajem i traktowa\u0107 swoje uczucia z szacunkiem. Wspieramy r\u00f3wnie\u017c...\" \/>\n<meta property=\"og:url\" content=\"https:\/\/terapeutica.com.pl\/index.php\/konsultacje-rodzicielskie\/\" \/>\n<meta property=\"og:site_name\" content=\"Terapeutica\" \/>\n<meta property=\"article:publisher\" content=\"https:\/\/www.facebook.com\/terapeutica.milanowek\" \/>\n<meta property=\"article:modified_time\" content=\"2024-03-11T17:31:21+00:00\" \/>\n<meta name=\"twitter:card\" content=\"summary_large_image\" \/>\n<meta name=\"twitter:label1\" content=\"Szacowany czas czytania\" \/>\n\t<meta name=\"twitter:data1\" content=\"1 minuta\" \/>\n<script type=\"application\/ld+json\" class=\"yoast-schema-graph\">{\"@context\":\"https:\/\/schema.org\",\"@graph\":[{\"@type\":\"WebPage\",\"@id\":\"https:\/\/terapeutica.com.pl\/index.php\/konsultacje-rodzicielskie\/\",\"url\":\"https:\/\/terapeutica.com.pl\/index.php\/konsultacje-rodzicielskie\/\",\"name\":\"Konsultacje rodzicielskie - Terapeutica\",\"isPartOf\":{\"@id\":\"https:\/\/terapeutica.com.pl\/#website\"},\"datePublished\":\"2024-02-02T12:54:57+00:00\",\"dateModified\":\"2024-03-11T17:31:21+00:00\",\"breadcrumb\":{\"@id\":\"https:\/\/terapeutica.com.pl\/index.php\/konsultacje-rodzicielskie\/#breadcrumb\"},\"inLanguage\":\"pl-PL\",\"potentialAction\":[{\"@type\":\"ReadAction\",\"target\":[\"https:\/\/terapeutica.com.pl\/index.php\/konsultacje-rodzicielskie\/\"]}]},{\"@type\":\"BreadcrumbList\",\"@id\":\"https:\/\/terapeutica.com.pl\/index.php\/konsultacje-rodzicielskie\/#breadcrumb\",\"itemListElement\":[{\"@type\":\"ListItem\",\"position\":1,\"name\":\"Strona g\u0142\u00f3wna\",\"item\":\"https:\/\/terapeutica.com.pl\/\"},{\"@type\":\"ListItem\",\"position\":2,\"name\":\"Konsultacje rodzicielskie\"}]},{\"@type\":\"WebSite\",\"@id\":\"https:\/\/terapeutica.com.pl\/#website\",\"url\":\"https:\/\/terapeutica.com.pl\/\",\"name\":\"Terapeutica\",\"description\":\"Poradnia psychiatryczno - psychologiczna dla dzieci, m\u0142odzie\u017cy i rodzic\u00f3w w Milan\u00f3wku.\",\"publisher\":{\"@id\":\"https:\/\/terapeutica.com.pl\/#organization\"},\"potentialAction\":[{\"@type\":\"SearchAction\",\"target\":{\"@type\":\"EntryPoint\",\"urlTemplate\":\"https:\/\/terapeutica.com.pl\/?s={search_term_string}\"},\"query-input\":{\"@type\":\"PropertyValueSpecification\",\"valueRequired\":true,\"valueName\":\"search_term_string\"}}],\"inLanguage\":\"pl-PL\"},{\"@type\":\"Organization\",\"@id\":\"https:\/\/terapeutica.com.pl\/#organization\",\"name\":\"Terapeutica\",\"url\":\"https:\/\/terapeutica.com.pl\/\",\"logo\":{\"@type\":\"ImageObject\",\"inLanguage\":\"pl-PL\",\"@id\":\"https:\/\/terapeutica.com.pl\/#\/schema\/logo\/image\/\",\"url\":\"https:\/\/terapeutica.com.pl\/wp-content\/uploads\/2024\/10\/terap_logo.png\",\"contentUrl\":\"https:\/\/terapeutica.com.pl\/wp-content\/uploads\/2024\/10\/terap_logo.png\",\"width\":1080,\"height\":1080,\"caption\":\"Terapeutica\"},\"image\":{\"@id\":\"https:\/\/terapeutica.com.pl\/#\/schema\/logo\/image\/\"},\"sameAs\":[\"https:\/\/www.facebook.com\/terapeutica.milanowek\"]}]}<\/script>\n<!-- \/ Yoast SEO plugin. -->","yoast_head_json":{"title":"Konsultacje rodzicielskie - Terapeutica","robots":{"index":"index","follow":"follow","max-snippet":"max-snippet:-1","max-image-preview":"max-image-preview:large","max-video-preview":"max-video-preview:-1"},"canonical":"https:\/\/terapeutica.com.pl\/index.php\/konsultacje-rodzicielskie\/","og_locale":"pl_PL","og_type":"article","og_title":"Konsultacje rodzicielskie - Terapeutica","og_description":"Niezale\u017cnie od wieku dziecka konsultacje dla rodzic\u00f3w s\u0105 ogromnym wsparciem. Na r\u00f3\u017cnych etapach rozwoju nasze dzieci niezmiennie potrzebuj\u0105 uwagi i blisko\u015bci rodzic\u00f3w. Podczas konsultacji dla rodzic\u00f3w pokazujemy, jak radzi\u0107 sobie z w\u0142asnymi emocjami i emocjami dziecka. To pozwoli lepiej zrozumie\u0107 siebie nawzajem i traktowa\u0107 swoje uczucia z szacunkiem. Wspieramy r\u00f3wnie\u017c...","og_url":"https:\/\/terapeutica.com.pl\/index.php\/konsultacje-rodzicielskie\/","og_site_name":"Terapeutica","article_publisher":"https:\/\/www.facebook.com\/terapeutica.milanowek","article_modified_time":"2024-03-11T17:31:21+00:00","twitter_card":"summary_large_image","twitter_misc":{"Szacowany czas czytania":"1 minuta"},"schema":{"@context":"https:\/\/schema.org","@graph":[{"@type":"WebPage","@id":"https:\/\/terapeutica.com.pl\/index.php\/konsultacje-rodzicielskie\/","url":"https:\/\/terapeutica.com.pl\/index.php\/konsultacje-rodzicielskie\/","name":"Konsultacje rodzicielskie - Terapeutica","isPartOf":{"@id":"https:\/\/terapeutica.com.pl\/#website"},"datePublished":"2024-02-02T12:54:57+00:00","dateModified":"2024-03-11T17:31:21+00:00","breadcrumb":{"@id":"https:\/\/terapeutica.com.pl\/index.php\/konsultacje-rodzicielskie\/#breadcrumb"},"inLanguage":"pl-PL","potentialAction":[{"@type":"ReadAction","target":["https:\/\/terapeutica.com.pl\/index.php\/konsultacje-rodzicielskie\/"]}]},{"@type":"BreadcrumbList","@id":"https:\/\/terapeutica.com.pl\/index.php\/konsultacje-rodzicielskie\/#breadcrumb","itemListElement":[{"@type":"ListItem","position":1,"name":"Strona g\u0142\u00f3wna","item":"https:\/\/terapeutica.com.pl\/"},{"@type":"ListItem","position":2,"name":"Konsultacje rodzicielskie"}]},{"@type":"WebSite","@id":"https:\/\/terapeutica.com.pl\/#website","url":"https:\/\/terapeutica.com.pl\/","name":"Terapeutica","description":"Poradnia psychiatryczno - psychologiczna dla dzieci, m\u0142odzie\u017cy i rodzic\u00f3w w Milan\u00f3wku.","publisher":{"@id":"https:\/\/terapeutica.com.pl\/#organization"},"potentialAction":[{"@type":"SearchAction","target":{"@type":"EntryPoint","urlTemplate":"https:\/\/terapeutica.com.pl\/?s={search_term_string}"},"query-input":{"@type":"PropertyValueSpecification","valueRequired":true,"valueName":"search_term_string"}}],"inLanguage":"pl-PL"},{"@type":"Organization","@id":"https:\/\/terapeutica.com.pl\/#organization","name":"Terapeutica","url":"https:\/\/terapeutica.com.pl\/","logo":{"@type":"ImageObject","inLanguage":"pl-PL","@id":"https:\/\/terapeutica.com.pl\/#\/schema\/logo\/image\/","url":"https:\/\/terapeutica.com.pl\/wp-content\/uploads\/2024\/10\/terap_logo.png","contentUrl":"https:\/\/terapeutica.com.pl\/wp-content\/uploads\/2024\/10\/terap_logo.png","width":1080,"height":1080,"caption":"Terapeutica"},"image":{"@id":"https:\/\/terapeutica.com.pl\/#\/schema\/logo\/image\/"},"sameAs":["https:\/\/www.facebook.com\/terapeutica.milanowek"]}]}},"_links":{"self":[{"href":"https:\/\/terapeutica.com.pl\/index.php\/wp-json\/wp\/v2\/pages\/3143"}],"collection":[{"href":"https:\/\/terapeutica.com.pl\/index.php\/wp-json\/wp\/v2\/pages"}],"about":[{"href":"https:\/\/terapeutica.com.pl\/index.php\/wp-json\/wp\/v2\/types\/page"}],"author":[{"embeddable":true,"href":"https:\/\/terapeutica.com.pl\/index.php\/wp-json\/wp\/v2\/users\/1"}],"replies":[{"embeddable":true,"href":"https:\/\/terapeutica.com.pl\/index.php\/wp-json\/wp\/v2\/comments?post=3143"}],"version-history":[{"count":3,"href":"https:\/\/terapeutica.com.pl\/index.php\/wp-json\/wp\/v2\/pages\/3143\/revisions"}],"predecessor-version":[{"id":3494,"href":"https:\/\/terapeutica.com.pl\/index.php\/wp-json\/wp\/v2\/pages\/3143\/revisions\/3494"}],"wp:attachment":[{"href":"https:\/\/terapeutica.com.pl\/index.php\/wp-json\/wp\/v2\/media?parent=3143"}],"curies":[{"name":"wp","href":"https:\/\/api.w.org\/{rel}","templated":true}]}}