{"id":3148,"date":"2024-02-02T13:57:05","date_gmt":"2024-02-02T12:57:05","guid":{"rendered":"https:\/\/u224582.webh.me\/?page_id=3148"},"modified":"2024-03-11T18:32:04","modified_gmt":"2024-03-11T17:32:04","slug":"psychoterapia-indywidualna-dla-rodzica","status":"publish","type":"page","link":"https:\/\/terapeutica.com.pl\/index.php\/psychoterapia-indywidualna-dla-rodzica\/","title":{"rendered":"Psychoterapia indywidualna dla rodzica"},"content":{"rendered":"<div class='text-justify'>\n\n\n<p>Psychoterapia indywidualna rodzica to forma terapii, kt\u00f3ra skoncentrowana jest na pracy z jednym rodzicem w celu rozwi\u0105zania problem\u00f3w, zwi\u0119kszenia \u015bwiadomo\u015bci i umiej\u0119tno\u015bci rodzicielskich oraz wsparcia w radzeniu sobie z trudno\u015bciami zwi\u0105zanymi z wychowaniem dzieci. Terapeuta pomaga rodzicowi zrozumie\u0107 i przepracowa\u0107 w\u0142asne traumy, niezdrowe wzorce zachowa\u0144 czy niew\u0142a\u015bciwe przekonania, kt\u00f3re mog\u0105 wp\u0142ywa\u0107 na relacje z dzieckiem. Celem terapii indywidualnej rodzica jest poprawa jako\u015bci \u017cycia rodzinnego i zwi\u0119kszenie zdolno\u015bci do tworzenia zdrowych i satysfakcjonuj\u0105cych wi\u0119zi z dzie\u0107mi.<\/p>\n\n\n<\/div>","protected":false},"excerpt":{"rendered":"<p>Psychoterapia indywidualna rodzica to forma terapii, kt\u00f3ra skoncentrowana jest na pracy z jednym rodzicem w celu rozwi\u0105zania problem\u00f3w, zwi\u0119kszenia \u015bwiadomo\u015bci i umiej\u0119tno\u015bci rodzicielskich oraz wsparcia w radzeniu sobie z trudno\u015bciami zwi\u0105zanymi z wychowaniem dzieci. Terapeuta pomaga rodzicowi zrozumie\u0107 i przepracowa\u0107 w\u0142asne traumy, niezdrowe wzorce zachowa\u0144 czy niew\u0142a\u015bciwe przekonania, kt\u00f3re mog\u0105&#8230;<\/p>\n","protected":false},"author":1,"featured_media":0,"parent":0,"menu_order":0,"comment_status":"closed","ping_status":"closed","template":"","meta":{"footnotes":""},"class_list":["post-3148","page","type-page","status-publish","hentry"],"yoast_head":"<!-- This site is optimized with the Yoast SEO plugin v23.5 - https:\/\/yoast.com\/wordpress\/plugins\/seo\/ -->\n<title>Psychoterapia indywidualna dla rodzica - Terapeutica<\/title>\n<meta name=\"robots\" content=\"index, follow, max-snippet:-1, max-image-preview:large, max-video-preview:-1\" \/>\n<link rel=\"canonical\" href=\"https:\/\/terapeutica.com.pl\/index.php\/psychoterapia-indywidualna-dla-rodzica\/\" \/>\n<meta property=\"og:locale\" content=\"pl_PL\" \/>\n<meta property=\"og:type\" content=\"article\" \/>\n<meta property=\"og:title\" content=\"Psychoterapia indywidualna dla rodzica - Terapeutica\" \/>\n<meta property=\"og:description\" content=\"Psychoterapia indywidualna rodzica to forma terapii, kt\u00f3ra skoncentrowana jest na pracy z jednym rodzicem w celu rozwi\u0105zania problem\u00f3w, zwi\u0119kszenia \u015bwiadomo\u015bci i umiej\u0119tno\u015bci rodzicielskich oraz wsparcia w radzeniu sobie z trudno\u015bciami zwi\u0105zanymi z wychowaniem dzieci. Terapeuta pomaga rodzicowi zrozumie\u0107 i przepracowa\u0107 w\u0142asne traumy, niezdrowe wzorce zachowa\u0144 czy niew\u0142a\u015bciwe przekonania, kt\u00f3re mog\u0105...\" \/>\n<meta property=\"og:url\" content=\"https:\/\/terapeutica.com.pl\/index.php\/psychoterapia-indywidualna-dla-rodzica\/\" \/>\n<meta property=\"og:site_name\" content=\"Terapeutica\" \/>\n<meta property=\"article:publisher\" content=\"https:\/\/www.facebook.com\/terapeutica.milanowek\" \/>\n<meta property=\"article:modified_time\" content=\"2024-03-11T17:32:04+00:00\" \/>\n<meta name=\"twitter:card\" content=\"summary_large_image\" \/>\n<script type=\"application\/ld+json\" class=\"yoast-schema-graph\">{\"@context\":\"https:\/\/schema.org\",\"@graph\":[{\"@type\":\"WebPage\",\"@id\":\"https:\/\/terapeutica.com.pl\/index.php\/psychoterapia-indywidualna-dla-rodzica\/\",\"url\":\"https:\/\/terapeutica.com.pl\/index.php\/psychoterapia-indywidualna-dla-rodzica\/\",\"name\":\"Psychoterapia indywidualna dla rodzica - Terapeutica\",\"isPartOf\":{\"@id\":\"https:\/\/terapeutica.com.pl\/#website\"},\"datePublished\":\"2024-02-02T12:57:05+00:00\",\"dateModified\":\"2024-03-11T17:32:04+00:00\",\"breadcrumb\":{\"@id\":\"https:\/\/terapeutica.com.pl\/index.php\/psychoterapia-indywidualna-dla-rodzica\/#breadcrumb\"},\"inLanguage\":\"pl-PL\",\"potentialAction\":[{\"@type\":\"ReadAction\",\"target\":[\"https:\/\/terapeutica.com.pl\/index.php\/psychoterapia-indywidualna-dla-rodzica\/\"]}]},{\"@type\":\"BreadcrumbList\",\"@id\":\"https:\/\/terapeutica.com.pl\/index.php\/psychoterapia-indywidualna-dla-rodzica\/#breadcrumb\",\"itemListElement\":[{\"@type\":\"ListItem\",\"position\":1,\"name\":\"Strona g\u0142\u00f3wna\",\"item\":\"https:\/\/terapeutica.com.pl\/\"},{\"@type\":\"ListItem\",\"position\":2,\"name\":\"Psychoterapia indywidualna dla rodzica\"}]},{\"@type\":\"WebSite\",\"@id\":\"https:\/\/terapeutica.com.pl\/#website\",\"url\":\"https:\/\/terapeutica.com.pl\/\",\"name\":\"Terapeutica\",\"description\":\"Poradnia psychiatryczno - psychologiczna dla dzieci, m\u0142odzie\u017cy i rodzic\u00f3w w Milan\u00f3wku.\",\"publisher\":{\"@id\":\"https:\/\/terapeutica.com.pl\/#organization\"},\"potentialAction\":[{\"@type\":\"SearchAction\",\"target\":{\"@type\":\"EntryPoint\",\"urlTemplate\":\"https:\/\/terapeutica.com.pl\/?s={search_term_string}\"},\"query-input\":{\"@type\":\"PropertyValueSpecification\",\"valueRequired\":true,\"valueName\":\"search_term_string\"}}],\"inLanguage\":\"pl-PL\"},{\"@type\":\"Organization\",\"@id\":\"https:\/\/terapeutica.com.pl\/#organization\",\"name\":\"Terapeutica\",\"url\":\"https:\/\/terapeutica.com.pl\/\",\"logo\":{\"@type\":\"ImageObject\",\"inLanguage\":\"pl-PL\",\"@id\":\"https:\/\/terapeutica.com.pl\/#\/schema\/logo\/image\/\",\"url\":\"https:\/\/terapeutica.com.pl\/wp-content\/uploads\/2024\/10\/terap_logo.png\",\"contentUrl\":\"https:\/\/terapeutica.com.pl\/wp-content\/uploads\/2024\/10\/terap_logo.png\",\"width\":1080,\"height\":1080,\"caption\":\"Terapeutica\"},\"image\":{\"@id\":\"https:\/\/terapeutica.com.pl\/#\/schema\/logo\/image\/\"},\"sameAs\":[\"https:\/\/www.facebook.com\/terapeutica.milanowek\"]}]}<\/script>\n<!-- \/ Yoast SEO plugin. -->","yoast_head_json":{"title":"Psychoterapia indywidualna dla rodzica - Terapeutica","robots":{"index":"index","follow":"follow","max-snippet":"max-snippet:-1","max-image-preview":"max-image-preview:large","max-video-preview":"max-video-preview:-1"},"canonical":"https:\/\/terapeutica.com.pl\/index.php\/psychoterapia-indywidualna-dla-rodzica\/","og_locale":"pl_PL","og_type":"article","og_title":"Psychoterapia indywidualna dla rodzica - Terapeutica","og_description":"Psychoterapia indywidualna rodzica to forma terapii, kt\u00f3ra skoncentrowana jest na pracy z jednym rodzicem w celu rozwi\u0105zania problem\u00f3w, zwi\u0119kszenia \u015bwiadomo\u015bci i umiej\u0119tno\u015bci rodzicielskich oraz wsparcia w radzeniu sobie z trudno\u015bciami zwi\u0105zanymi z wychowaniem dzieci. Terapeuta pomaga rodzicowi zrozumie\u0107 i przepracowa\u0107 w\u0142asne traumy, niezdrowe wzorce zachowa\u0144 czy niew\u0142a\u015bciwe przekonania, kt\u00f3re mog\u0105...","og_url":"https:\/\/terapeutica.com.pl\/index.php\/psychoterapia-indywidualna-dla-rodzica\/","og_site_name":"Terapeutica","article_publisher":"https:\/\/www.facebook.com\/terapeutica.milanowek","article_modified_time":"2024-03-11T17:32:04+00:00","twitter_card":"summary_large_image","schema":{"@context":"https:\/\/schema.org","@graph":[{"@type":"WebPage","@id":"https:\/\/terapeutica.com.pl\/index.php\/psychoterapia-indywidualna-dla-rodzica\/","url":"https:\/\/terapeutica.com.pl\/index.php\/psychoterapia-indywidualna-dla-rodzica\/","name":"Psychoterapia indywidualna dla rodzica - Terapeutica","isPartOf":{"@id":"https:\/\/terapeutica.com.pl\/#website"},"datePublished":"2024-02-02T12:57:05+00:00","dateModified":"2024-03-11T17:32:04+00:00","breadcrumb":{"@id":"https:\/\/terapeutica.com.pl\/index.php\/psychoterapia-indywidualna-dla-rodzica\/#breadcrumb"},"inLanguage":"pl-PL","potentialAction":[{"@type":"ReadAction","target":["https:\/\/terapeutica.com.pl\/index.php\/psychoterapia-indywidualna-dla-rodzica\/"]}]},{"@type":"BreadcrumbList","@id":"https:\/\/terapeutica.com.pl\/index.php\/psychoterapia-indywidualna-dla-rodzica\/#breadcrumb","itemListElement":[{"@type":"ListItem","position":1,"name":"Strona g\u0142\u00f3wna","item":"https:\/\/terapeutica.com.pl\/"},{"@type":"ListItem","position":2,"name":"Psychoterapia indywidualna dla rodzica"}]},{"@type":"WebSite","@id":"https:\/\/terapeutica.com.pl\/#website","url":"https:\/\/terapeutica.com.pl\/","name":"Terapeutica","description":"Poradnia psychiatryczno - psychologiczna dla dzieci, m\u0142odzie\u017cy i rodzic\u00f3w w Milan\u00f3wku.","publisher":{"@id":"https:\/\/terapeutica.com.pl\/#organization"},"potentialAction":[{"@type":"SearchAction","target":{"@type":"EntryPoint","urlTemplate":"https:\/\/terapeutica.com.pl\/?s={search_term_string}"},"query-input":{"@type":"PropertyValueSpecification","valueRequired":true,"valueName":"search_term_string"}}],"inLanguage":"pl-PL"},{"@type":"Organization","@id":"https:\/\/terapeutica.com.pl\/#organization","name":"Terapeutica","url":"https:\/\/terapeutica.com.pl\/","logo":{"@type":"ImageObject","inLanguage":"pl-PL","@id":"https:\/\/terapeutica.com.pl\/#\/schema\/logo\/image\/","url":"https:\/\/terapeutica.com.pl\/wp-content\/uploads\/2024\/10\/terap_logo.png","contentUrl":"https:\/\/terapeutica.com.pl\/wp-content\/uploads\/2024\/10\/terap_logo.png","width":1080,"height":1080,"caption":"Terapeutica"},"image":{"@id":"https:\/\/terapeutica.com.pl\/#\/schema\/logo\/image\/"},"sameAs":["https:\/\/www.facebook.com\/terapeutica.milanowek"]}]}},"_links":{"self":[{"href":"https:\/\/terapeutica.com.pl\/index.php\/wp-json\/wp\/v2\/pages\/3148"}],"collection":[{"href":"https:\/\/terapeutica.com.pl\/index.php\/wp-json\/wp\/v2\/pages"}],"about":[{"href":"https:\/\/terapeutica.com.pl\/index.php\/wp-json\/wp\/v2\/types\/page"}],"author":[{"embeddable":true,"href":"https:\/\/terapeutica.com.pl\/index.php\/wp-json\/wp\/v2\/users\/1"}],"replies":[{"embeddable":true,"href":"https:\/\/terapeutica.com.pl\/index.php\/wp-json\/wp\/v2\/comments?post=3148"}],"version-history":[{"count":2,"href":"https:\/\/terapeutica.com.pl\/index.php\/wp-json\/wp\/v2\/pages\/3148\/revisions"}],"predecessor-version":[{"id":3496,"href":"https:\/\/terapeutica.com.pl\/index.php\/wp-json\/wp\/v2\/pages\/3148\/revisions\/3496"}],"wp:attachment":[{"href":"https:\/\/terapeutica.com.pl\/index.php\/wp-json\/wp\/v2\/media?parent=3148"}],"curies":[{"name":"wp","href":"https:\/\/api.w.org\/{rel}","templated":true}]}}