{"id":3155,"date":"2024-02-07T13:52:40","date_gmt":"2024-02-07T12:52:40","guid":{"rendered":"https:\/\/u224582.webh.me\/?page_id=3155"},"modified":"2025-09-02T11:44:30","modified_gmt":"2025-09-02T09:44:30","slug":"nasz-zespol","status":"publish","type":"page","link":"https:\/\/terapeutica.com.pl\/index.php\/nasz-zespol\/","title":{"rendered":"Nasz zesp\u00f3\u0142"},"content":{"rendered":"<div class='text-justify'>\n\n\n<p>Zesp\u00f3\u0142 poradni Terapeutica, to grono do\u015bwiadczonych psycholog\u00f3w, psychoterapeut\u00f3w, pedagog\u00f3w oraz psychiatr\u00f3w, kt\u00f3rzy wsp\u00f3lnie pracuj\u0105 dla dobra pacjent\u00f3w. Ka\u017cdy specjalista w zespole ma szerok\u0105 wiedz\u0119 i umiej\u0119tno\u015bci w r\u00f3\u017cnych obszarach psychologii, pedagogiki co pozwala na skuteczn\u0105 pomoc w r\u00f3\u017cnorodnych problemach emocjonalnych i zdrowotnych. Zesp\u00f3\u0142 specjalist\u00f3w wsp\u00f3\u0142pracuje ze sob\u0105 w ramach spotka\u0144 klinicznych, w celu om\u00f3wienia i analizy przypadk\u00f3w pacjent\u00f3w, wymiany informacji psychologicznych i medycznych, spostrze\u017ce\u0144 i do\u015bwiadcze\u0144 oraz podejmowania decyzji dotycz\u0105cych dalszego post\u0119powania diagnostycznego i terapeutycznego.<\/p>\n\n\n\n<p>Ponadto specjali\u015bci korzystaj\u0105 z superwizji indywidualnie, tak\u017ce w ramach szkole\u0144 psychoterapeutycznych. Superwizja&nbsp; pozwala rozwija\u0107 umiej\u0119tno\u015bci terapeutyczne, lepiej zrozumie\u0107 dynamik\u0119 relacji z pacjentami, doskonali\u0107 techniki diagnozy i interwencji, a tak\u017ce podnosi\u0107 \u015bwiadomo\u015b\u0107 i wra\u017cliwo\u015b\u0107 na w\u0142asne reakcje emocjonalne. Jest to wa\u017cne narz\u0119dzie zar\u00f3wno dla pocz\u0105tkuj\u0105cych, jak i do\u015bwiadczonych terapeut\u00f3w, kt\u00f3re wspiera ich w profesjonalnym rozwoju i dba o jako\u015b\u0107 ich pracy zawodowej.<\/p>\n\n\n\n<p>Dbaj\u0105c o standardy Polskiego Towarzystwa Psychologicznego poradnia Terapeutica korzysta z wystandaryzowanych narz\u0119dzi badawczych oraz poddaje zesp\u00f3\u0142 Poradni regularnej superwizji przez Pani\u0105 Monik\u0119 Katarzyn\u0119 Waluchowsk\u0105 \u2013 psychologa, certyfikowanego psychoterapeut\u0119 i superwizora psychoterapii Polskiego Towarzystwa Psychologicznego.<\/p>\n\n\n<\/div>\n<div class=\"d-flex flex-wrap justify-content-center\" style=\"margin-top: 40px; gap: 30px\">\n<div class=\"d-flex flex-column\" >\n        <a href=\"\/index.php\/agnieszka-boczek\/\" class=\"d-flex flex-column align-items-center\" style=\"color: black; text-decoration: none;\"><br \/>\n            <img decoding=\"async\" src=\"\/wp-content\/uploads\/2024\/03\/IMG_0048_kwadrat.jpg\" style=\"height: 200px\" \/><\/p>\n<h6 class=\"text-center font-weight-bold\">Agnieszka Boczek<\/h6>\n<p class=\"text-center\">Dyrektor poradni Terapeutica<br\/>Psychoterapeuta<br \/>neurologopeda, oligofrenopedagog\n<\/p>\n<\/a>\n    <\/div>\n<div class=\"d-flex flex-column align-items-center\" >\n        <a href=\"\/index.php\/agnieszka-golebiewska-wiacek\/\" class=\"d-flex flex-column align-items-center\" style=\"color: black; text-decoration: none;\"><br \/>\n            <img decoding=\"async\" src=\"\/wp-content\/uploads\/2024\/03\/IMG_0046_kwadrat.jpg\" style=\"height: 200px\" \/><\/p>\n<h6 class=\"text-center font-weight-bold\">Agnieszka Go\u0142\u0119biewska-<br \/>Wi\u0105cek<\/h6>\n<p class=\"text-center\">Psycholog, psychoterapeuta<br \/>m\u0142odzie\u017cy i doros\u0142ych<\/p>\n<\/a>\n    <\/div>\n<div class=\"d-flex flex-column\" >\n        <a href=\"\/index.php\/dorota-ulewicz\/\" class=\"d-flex flex-column align-items-center\" style=\"color: black; text-decoration: none;\"><br \/>\n            <img decoding=\"async\" src=\"\/wp-content\/uploads\/2025\/09\/Dulewicz1.jpeg\" style=\"height: 200px\" \/><\/p>\n<h6 class=\"text-center font-weight-bold\">Dorota Ulewicz<\/h6>\n<p class=\"text-center\">Psycholog diagnosta<br \/> i terapeuta<br \/><\/p>\n<\/a>\n    <\/div>\n<div class=\"d-flex flex-column align-items-center\" >\n        <a href=\"\/index.php\/agnieszka-kusyk\/\" class=\"d-flex flex-column align-items-center\" style=\"color: black; text-decoration: none;\"><br \/>\n            <img decoding=\"async\" src=\"\/wp-content\/uploads\/2024\/03\/IMG_0052_kwadrat-scaled.jpg\" style=\"height: 200px\" \/><\/p>\n<h6 class=\"text-center font-weight-bold\">Agnieszka Kusyk<\/h6>\n<p class=\"text-center\">Psycholog,<br \/>psychoterapeuta Gestalt<\/p>\n<\/a>\n<\/div>\n\n<div class=\"d-flex flex-column align-items-center\" >\n        <a href=\"\/index.php\/anna-ertman\/\" class=\"d-flex flex-column align-items-center\" style=\"color: black; text-decoration: none;\"><br \/>\n            <img decoding=\"async\" src=\"\/wp-content\/uploads\/2024\/03\/IMG_0055_kwadrat.jpg\" style=\"height: 200px\"><\/img><\/p>\n<h6 class=\"text-center font-weight-bold\">Anna Ertman<\/h6>\n<p class=\"text-center\">Psycholog, seksuolog,<br \/>diagnosta i terapeuta<\/p>\n<\/a>\n    <\/div>\n<div class=\"d-flex flex-column align-items-center\" >\n        <a href=\"\/index.php\/dorota-sobczynska\/\" class=\"d-flex flex-column align-items-center\" style=\"color: black; text-decoration: none;\"><br \/>\n            <img decoding=\"async\" src=\"\/wp-content\/uploads\/2024\/03\/IMG_0056_kwadrat.jpg\" style=\"height: 200px\"><\/img><\/p>\n<h6 class=\"text-center font-weight-bold\">Dorota Sobczy\u0144ska<\/h6>\n<p class=\"text-center\">Psycholog diagnosta,<br \/>terapeuta pedagogiczny,<br \/>Neuroflow\u00ae ATS<\/p>\n<\/a>\n    <\/div>\n<div class=\"d-flex flex-column align-items-center\" >\n        <a href=\"\/index.php\/marta-mlodozeniec\/\" class=\"d-flex flex-column align-items-center\" style=\"color: black; text-decoration: none; \"><br \/>\n            <img decoding=\"async\" src=\"\/wp-content\/uploads\/2024\/03\/osoba_kwadrat.png\" style=\"height: 200px\" ><\/img><\/p>\n<h6 class=\"text-center font-weight-bold\">Marta M\u0142odo\u017ceniec<\/h6>\n<p class=\"text-center\">Psycholog diagnosta i<br \/>terapeuta behawioralny<\/p>\n<\/a>\n<\/div>\n<div class=\"d-flex flex-column align-items-center\" >\n        <a href=\"\/index.php\/karolina-migda\/\" class=\"d-flex flex-column align-items-center\" style=\"color: black; text-decoration: none; \"><br \/>\n            <img decoding=\"async\" src=\"\/wp-content\/uploads\/2024\/03\/IMG_0053_kwadrat.jpg\" style=\"height: 200px\" ><\/img><\/p>\n<h6 class=\"text-center font-weight-bold\">Karolina Migda<\/h6>\n<p class=\"text-center\">Obs\u0142uga sekretariatu<\/p>\n<\/a>\n<\/div>\n<\/div>\n<p><br \/><br \/><br \/><\/p>","protected":false},"excerpt":{"rendered":"<p>Zesp\u00f3\u0142 poradni Terapeutica, to grono do\u015bwiadczonych psycholog\u00f3w, psychoterapeut\u00f3w, pedagog\u00f3w oraz psychiatr\u00f3w, kt\u00f3rzy wsp\u00f3lnie pracuj\u0105 dla dobra pacjent\u00f3w. Ka\u017cdy specjalista w zespole ma szerok\u0105 wiedz\u0119 i umiej\u0119tno\u015bci w r\u00f3\u017cnych obszarach psychologii, pedagogiki co pozwala na skuteczn\u0105 pomoc w r\u00f3\u017cnorodnych problemach emocjonalnych i zdrowotnych. Zesp\u00f3\u0142 specjalist\u00f3w wsp\u00f3\u0142pracuje ze sob\u0105 w ramach spotka\u0144&#8230;<\/p>\n","protected":false},"author":1,"featured_media":0,"parent":0,"menu_order":0,"comment_status":"closed","ping_status":"closed","template":"","meta":{"footnotes":""},"class_list":["post-3155","page","type-page","status-publish","hentry"],"yoast_head":"<!-- This site is optimized with the Yoast SEO plugin v23.5 - https:\/\/yoast.com\/wordpress\/plugins\/seo\/ -->\n<title>Nasz zesp\u00f3\u0142 - Terapeutica<\/title>\n<meta name=\"robots\" content=\"index, follow, max-snippet:-1, max-image-preview:large, max-video-preview:-1\" \/>\n<link rel=\"canonical\" href=\"https:\/\/terapeutica.com.pl\/index.php\/nasz-zespol\/\" \/>\n<meta property=\"og:locale\" content=\"pl_PL\" \/>\n<meta property=\"og:type\" content=\"article\" \/>\n<meta property=\"og:title\" content=\"Nasz zesp\u00f3\u0142 - Terapeutica\" \/>\n<meta property=\"og:description\" content=\"Zesp\u00f3\u0142 poradni Terapeutica, to grono do\u015bwiadczonych psycholog\u00f3w, psychoterapeut\u00f3w, pedagog\u00f3w oraz psychiatr\u00f3w, kt\u00f3rzy wsp\u00f3lnie pracuj\u0105 dla dobra pacjent\u00f3w. Ka\u017cdy specjalista w zespole ma szerok\u0105 wiedz\u0119 i umiej\u0119tno\u015bci w r\u00f3\u017cnych obszarach psychologii, pedagogiki co pozwala na skuteczn\u0105 pomoc w r\u00f3\u017cnorodnych problemach emocjonalnych i zdrowotnych. Zesp\u00f3\u0142 specjalist\u00f3w wsp\u00f3\u0142pracuje ze sob\u0105 w ramach spotka\u0144...\" \/>\n<meta property=\"og:url\" content=\"https:\/\/terapeutica.com.pl\/index.php\/nasz-zespol\/\" \/>\n<meta property=\"og:site_name\" content=\"Terapeutica\" \/>\n<meta property=\"article:publisher\" content=\"https:\/\/www.facebook.com\/terapeutica.milanowek\" \/>\n<meta property=\"article:modified_time\" content=\"2025-09-02T09:44:30+00:00\" \/>\n<meta name=\"twitter:card\" content=\"summary_large_image\" \/>\n<meta name=\"twitter:label1\" content=\"Szacowany czas czytania\" \/>\n\t<meta name=\"twitter:data1\" content=\"3 minuty\" \/>\n<script type=\"application\/ld+json\" class=\"yoast-schema-graph\">{\"@context\":\"https:\/\/schema.org\",\"@graph\":[{\"@type\":\"WebPage\",\"@id\":\"https:\/\/terapeutica.com.pl\/index.php\/nasz-zespol\/\",\"url\":\"https:\/\/terapeutica.com.pl\/index.php\/nasz-zespol\/\",\"name\":\"Nasz zesp\u00f3\u0142 - Terapeutica\",\"isPartOf\":{\"@id\":\"https:\/\/terapeutica.com.pl\/#website\"},\"datePublished\":\"2024-02-07T12:52:40+00:00\",\"dateModified\":\"2025-09-02T09:44:30+00:00\",\"breadcrumb\":{\"@id\":\"https:\/\/terapeutica.com.pl\/index.php\/nasz-zespol\/#breadcrumb\"},\"inLanguage\":\"pl-PL\",\"potentialAction\":[{\"@type\":\"ReadAction\",\"target\":[\"https:\/\/terapeutica.com.pl\/index.php\/nasz-zespol\/\"]}]},{\"@type\":\"BreadcrumbList\",\"@id\":\"https:\/\/terapeutica.com.pl\/index.php\/nasz-zespol\/#breadcrumb\",\"itemListElement\":[{\"@type\":\"ListItem\",\"position\":1,\"name\":\"Strona g\u0142\u00f3wna\",\"item\":\"https:\/\/terapeutica.com.pl\/\"},{\"@type\":\"ListItem\",\"position\":2,\"name\":\"Nasz zesp\u00f3\u0142\"}]},{\"@type\":\"WebSite\",\"@id\":\"https:\/\/terapeutica.com.pl\/#website\",\"url\":\"https:\/\/terapeutica.com.pl\/\",\"name\":\"Terapeutica\",\"description\":\"Poradnia psychiatryczno - psychologiczna dla dzieci, m\u0142odzie\u017cy i rodzic\u00f3w w Milan\u00f3wku.\",\"publisher\":{\"@id\":\"https:\/\/terapeutica.com.pl\/#organization\"},\"potentialAction\":[{\"@type\":\"SearchAction\",\"target\":{\"@type\":\"EntryPoint\",\"urlTemplate\":\"https:\/\/terapeutica.com.pl\/?s={search_term_string}\"},\"query-input\":{\"@type\":\"PropertyValueSpecification\",\"valueRequired\":true,\"valueName\":\"search_term_string\"}}],\"inLanguage\":\"pl-PL\"},{\"@type\":\"Organization\",\"@id\":\"https:\/\/terapeutica.com.pl\/#organization\",\"name\":\"Terapeutica\",\"url\":\"https:\/\/terapeutica.com.pl\/\",\"logo\":{\"@type\":\"ImageObject\",\"inLanguage\":\"pl-PL\",\"@id\":\"https:\/\/terapeutica.com.pl\/#\/schema\/logo\/image\/\",\"url\":\"https:\/\/terapeutica.com.pl\/wp-content\/uploads\/2024\/10\/terap_logo.png\",\"contentUrl\":\"https:\/\/terapeutica.com.pl\/wp-content\/uploads\/2024\/10\/terap_logo.png\",\"width\":1080,\"height\":1080,\"caption\":\"Terapeutica\"},\"image\":{\"@id\":\"https:\/\/terapeutica.com.pl\/#\/schema\/logo\/image\/\"},\"sameAs\":[\"https:\/\/www.facebook.com\/terapeutica.milanowek\"]}]}<\/script>\n<!-- \/ Yoast SEO plugin. -->","yoast_head_json":{"title":"Nasz zesp\u00f3\u0142 - Terapeutica","robots":{"index":"index","follow":"follow","max-snippet":"max-snippet:-1","max-image-preview":"max-image-preview:large","max-video-preview":"max-video-preview:-1"},"canonical":"https:\/\/terapeutica.com.pl\/index.php\/nasz-zespol\/","og_locale":"pl_PL","og_type":"article","og_title":"Nasz zesp\u00f3\u0142 - Terapeutica","og_description":"Zesp\u00f3\u0142 poradni Terapeutica, to grono do\u015bwiadczonych psycholog\u00f3w, psychoterapeut\u00f3w, pedagog\u00f3w oraz psychiatr\u00f3w, kt\u00f3rzy wsp\u00f3lnie pracuj\u0105 dla dobra pacjent\u00f3w. Ka\u017cdy specjalista w zespole ma szerok\u0105 wiedz\u0119 i umiej\u0119tno\u015bci w r\u00f3\u017cnych obszarach psychologii, pedagogiki co pozwala na skuteczn\u0105 pomoc w r\u00f3\u017cnorodnych problemach emocjonalnych i zdrowotnych. Zesp\u00f3\u0142 specjalist\u00f3w wsp\u00f3\u0142pracuje ze sob\u0105 w ramach spotka\u0144...","og_url":"https:\/\/terapeutica.com.pl\/index.php\/nasz-zespol\/","og_site_name":"Terapeutica","article_publisher":"https:\/\/www.facebook.com\/terapeutica.milanowek","article_modified_time":"2025-09-02T09:44:30+00:00","twitter_card":"summary_large_image","twitter_misc":{"Szacowany czas czytania":"3 minuty"},"schema":{"@context":"https:\/\/schema.org","@graph":[{"@type":"WebPage","@id":"https:\/\/terapeutica.com.pl\/index.php\/nasz-zespol\/","url":"https:\/\/terapeutica.com.pl\/index.php\/nasz-zespol\/","name":"Nasz zesp\u00f3\u0142 - Terapeutica","isPartOf":{"@id":"https:\/\/terapeutica.com.pl\/#website"},"datePublished":"2024-02-07T12:52:40+00:00","dateModified":"2025-09-02T09:44:30+00:00","breadcrumb":{"@id":"https:\/\/terapeutica.com.pl\/index.php\/nasz-zespol\/#breadcrumb"},"inLanguage":"pl-PL","potentialAction":[{"@type":"ReadAction","target":["https:\/\/terapeutica.com.pl\/index.php\/nasz-zespol\/"]}]},{"@type":"BreadcrumbList","@id":"https:\/\/terapeutica.com.pl\/index.php\/nasz-zespol\/#breadcrumb","itemListElement":[{"@type":"ListItem","position":1,"name":"Strona g\u0142\u00f3wna","item":"https:\/\/terapeutica.com.pl\/"},{"@type":"ListItem","position":2,"name":"Nasz zesp\u00f3\u0142"}]},{"@type":"WebSite","@id":"https:\/\/terapeutica.com.pl\/#website","url":"https:\/\/terapeutica.com.pl\/","name":"Terapeutica","description":"Poradnia psychiatryczno - psychologiczna dla dzieci, m\u0142odzie\u017cy i rodzic\u00f3w w Milan\u00f3wku.","publisher":{"@id":"https:\/\/terapeutica.com.pl\/#organization"},"potentialAction":[{"@type":"SearchAction","target":{"@type":"EntryPoint","urlTemplate":"https:\/\/terapeutica.com.pl\/?s={search_term_string}"},"query-input":{"@type":"PropertyValueSpecification","valueRequired":true,"valueName":"search_term_string"}}],"inLanguage":"pl-PL"},{"@type":"Organization","@id":"https:\/\/terapeutica.com.pl\/#organization","name":"Terapeutica","url":"https:\/\/terapeutica.com.pl\/","logo":{"@type":"ImageObject","inLanguage":"pl-PL","@id":"https:\/\/terapeutica.com.pl\/#\/schema\/logo\/image\/","url":"https:\/\/terapeutica.com.pl\/wp-content\/uploads\/2024\/10\/terap_logo.png","contentUrl":"https:\/\/terapeutica.com.pl\/wp-content\/uploads\/2024\/10\/terap_logo.png","width":1080,"height":1080,"caption":"Terapeutica"},"image":{"@id":"https:\/\/terapeutica.com.pl\/#\/schema\/logo\/image\/"},"sameAs":["https:\/\/www.facebook.com\/terapeutica.milanowek"]}]}},"_links":{"self":[{"href":"https:\/\/terapeutica.com.pl\/index.php\/wp-json\/wp\/v2\/pages\/3155"}],"collection":[{"href":"https:\/\/terapeutica.com.pl\/index.php\/wp-json\/wp\/v2\/pages"}],"about":[{"href":"https:\/\/terapeutica.com.pl\/index.php\/wp-json\/wp\/v2\/types\/page"}],"author":[{"embeddable":true,"href":"https:\/\/terapeutica.com.pl\/index.php\/wp-json\/wp\/v2\/users\/1"}],"replies":[{"embeddable":true,"href":"https:\/\/terapeutica.com.pl\/index.php\/wp-json\/wp\/v2\/comments?post=3155"}],"version-history":[{"count":130,"href":"https:\/\/terapeutica.com.pl\/index.php\/wp-json\/wp\/v2\/pages\/3155\/revisions"}],"predecessor-version":[{"id":3742,"href":"https:\/\/terapeutica.com.pl\/index.php\/wp-json\/wp\/v2\/pages\/3155\/revisions\/3742"}],"wp:attachment":[{"href":"https:\/\/terapeutica.com.pl\/index.php\/wp-json\/wp\/v2\/media?parent=3155"}],"curies":[{"name":"wp","href":"https:\/\/api.w.org\/{rel}","templated":true}]}}