{"id":3229,"date":"2024-02-08T00:33:51","date_gmt":"2024-02-07T23:33:51","guid":{"rendered":"https:\/\/u224582.webh.me\/?page_id=3229"},"modified":"2024-03-04T16:49:06","modified_gmt":"2024-03-04T15:49:06","slug":"marta-fuks","status":"publish","type":"page","link":"https:\/\/terapeutica.com.pl\/index.php\/marta-fuks\/","title":{"rendered":"Marta Fuks"},"content":{"rendered":"<div class=\"d-flex flex-row\">\n<div class=\"d-flex flex-column\" style=\"width: 25%;\">\n<img decoding=\"async\" src=\"\/wp-content\/uploads\/2024\/02\/marta_fuks.jpg\" width=\"180px\"><\/img><br \/>\nPsycholog, diagnosta dzieci i m\u0142odzie\u017cy z ca\u0142o\u015bciowymi zaburzeniami rozwoju m.in. narz\u0119dziem Ados \u2013 2. Prowadzi terapi\u0119 dzieci i m\u0142odzie\u017cy kr\u00f3tkoterminow\u0105 skoncentrowan\u0105 na rozwi\u0105zaniach.<\/div>\n<div class=\"d-flex flex-column pl-3\" style=\"width: 74%;\">\n<p><b>Kwalifikacje i do\u015bwiadczenie zawodowe<\/b><\/p>\n<p>Jestem absolwentk\u0105 Szko\u0142y Wy\u017cszej Psychologii Spo\u0142ecznej w Warszawie na Wydziale<br \/>\nPsychologii oraz Mi\u0119dzywydzia\u0142owego Studium Pedagogicznego.<br \/>\nZawodowo od 12 lat zwi\u0105zana jestem z jedn\u0105 z warszawskich Specjalistycznych Poradni<br \/>\nPsychologiczno \u2013 Pedagogicznych, gdzie zdobywa\u0142am do\u015bwiadczenie zawodowe. Zajmuj\u0119 si\u0119<br \/>\nprac\u0105 z dzie\u0107mi w wieku przedszkolnym, szkolnym oraz osobami doros\u0142ymi. Z \u0142atwo\u015bci\u0105<br \/>\nnawi\u0105zuj\u0119 kontakt zar\u00f3wno z dzie\u0107mi, jak i doros\u0142ymi. Diagnozuj\u0119 wykorzystuj\u0105c najnowsze<br \/>\nstandardy diagnostyczne, prowadz\u0119 konsultacje oraz rozmowy terapeutyczne. Wykonuj\u0119<br \/>\ndiagnozy pod k\u0105tem zaburze\u0144 ze spektrum autyzmu (m.in. narz\u0119dziem ADOS-2), ADHD,<br \/>\ndepresji, niepe\u0142nosprawno\u015bci intelektualnej. Stale poszerzam swoj\u0105 wiedz\u0119 uczestnicz\u0105c w<br \/>\nszkoleniach, superwizjach, konferencjach naukowych oraz warsztatach.<br \/>\nW pracy terapeutycznej szczeg\u00f3lnie bliskie jest mi podej\u015bcie Skoncentrowane na<br \/>\nRozwi\u0105zaniach, jednak zawsze staram si\u0119 podchodzi\u0107 w spos\u00f3b indywidualny do ka\u017cdej<br \/>\nosoby i jej problemu, wykorzystuj\u0105c w swojej pracy r\u00f3\u017cne podej\u015bcia oraz metody.<\/p>\n<p><b>W poradni Terapeutica<\/b><\/p>\n<p>Prowadz\u0119 konsultacje z rodzicami , diagnoz\u0119 i terapi\u0119 dzieci i m\u0142odzie\u017cy kr\u00f3tkoterminow\u0105,<br \/>\nskoncentrowan\u0105 na rozwi\u0105zaniach.<\/p>\n<p><b>Prywatnie<\/b><\/p>\n<p>Mama dw\u00f3ch syn\u00f3w.<\/p>\n<\/div>\n","protected":false},"excerpt":{"rendered":"<p>Psycholog, diagnosta dzieci i m\u0142odzie\u017cy z ca\u0142o\u015bciowymi zaburzeniami rozwoju m.in. narz\u0119dziem Ados \u2013 2. Prowadzi terapi\u0119 dzieci i m\u0142odzie\u017cy kr\u00f3tkoterminow\u0105 skoncentrowan\u0105 na rozwi\u0105zaniach. Kwalifikacje i do\u015bwiadczenie zawodowe Jestem absolwentk\u0105 Szko\u0142y Wy\u017cszej Psychologii Spo\u0142ecznej w Warszawie na Wydziale Psychologii oraz Mi\u0119dzywydzia\u0142owego Studium Pedagogicznego. Zawodowo od 12 lat zwi\u0105zana jestem z jedn\u0105&#8230;<\/p>\n","protected":false},"author":1,"featured_media":0,"parent":0,"menu_order":0,"comment_status":"closed","ping_status":"closed","template":"","meta":{"footnotes":""},"class_list":["post-3229","page","type-page","status-publish","hentry"],"yoast_head":"<!-- This site is optimized with the Yoast SEO plugin v23.5 - https:\/\/yoast.com\/wordpress\/plugins\/seo\/ -->\n<title>Marta Fuks - Terapeutica<\/title>\n<meta name=\"robots\" content=\"index, follow, max-snippet:-1, max-image-preview:large, max-video-preview:-1\" \/>\n<link rel=\"canonical\" href=\"https:\/\/terapeutica.com.pl\/index.php\/marta-fuks\/\" \/>\n<meta property=\"og:locale\" content=\"pl_PL\" \/>\n<meta property=\"og:type\" content=\"article\" \/>\n<meta property=\"og:title\" content=\"Marta Fuks - Terapeutica\" \/>\n<meta property=\"og:description\" content=\"Psycholog, diagnosta dzieci i m\u0142odzie\u017cy z ca\u0142o\u015bciowymi zaburzeniami rozwoju m.in. narz\u0119dziem Ados \u2013 2. Prowadzi terapi\u0119 dzieci i m\u0142odzie\u017cy kr\u00f3tkoterminow\u0105 skoncentrowan\u0105 na rozwi\u0105zaniach. Kwalifikacje i do\u015bwiadczenie zawodowe Jestem absolwentk\u0105 Szko\u0142y Wy\u017cszej Psychologii Spo\u0142ecznej w Warszawie na Wydziale Psychologii oraz Mi\u0119dzywydzia\u0142owego Studium Pedagogicznego. Zawodowo od 12 lat zwi\u0105zana jestem z jedn\u0105...\" \/>\n<meta property=\"og:url\" content=\"https:\/\/terapeutica.com.pl\/index.php\/marta-fuks\/\" \/>\n<meta property=\"og:site_name\" content=\"Terapeutica\" \/>\n<meta property=\"article:publisher\" content=\"https:\/\/www.facebook.com\/terapeutica.milanowek\" \/>\n<meta property=\"article:modified_time\" content=\"2024-03-04T15:49:06+00:00\" \/>\n<meta name=\"twitter:card\" content=\"summary_large_image\" \/>\n<meta name=\"twitter:label1\" content=\"Szacowany czas czytania\" \/>\n\t<meta name=\"twitter:data1\" content=\"1 minuta\" \/>\n<script type=\"application\/ld+json\" class=\"yoast-schema-graph\">{\"@context\":\"https:\/\/schema.org\",\"@graph\":[{\"@type\":\"WebPage\",\"@id\":\"https:\/\/terapeutica.com.pl\/index.php\/marta-fuks\/\",\"url\":\"https:\/\/terapeutica.com.pl\/index.php\/marta-fuks\/\",\"name\":\"Marta Fuks - Terapeutica\",\"isPartOf\":{\"@id\":\"https:\/\/terapeutica.com.pl\/#website\"},\"datePublished\":\"2024-02-07T23:33:51+00:00\",\"dateModified\":\"2024-03-04T15:49:06+00:00\",\"breadcrumb\":{\"@id\":\"https:\/\/terapeutica.com.pl\/index.php\/marta-fuks\/#breadcrumb\"},\"inLanguage\":\"pl-PL\",\"potentialAction\":[{\"@type\":\"ReadAction\",\"target\":[\"https:\/\/terapeutica.com.pl\/index.php\/marta-fuks\/\"]}]},{\"@type\":\"BreadcrumbList\",\"@id\":\"https:\/\/terapeutica.com.pl\/index.php\/marta-fuks\/#breadcrumb\",\"itemListElement\":[{\"@type\":\"ListItem\",\"position\":1,\"name\":\"Strona g\u0142\u00f3wna\",\"item\":\"https:\/\/terapeutica.com.pl\/\"},{\"@type\":\"ListItem\",\"position\":2,\"name\":\"Marta Fuks\"}]},{\"@type\":\"WebSite\",\"@id\":\"https:\/\/terapeutica.com.pl\/#website\",\"url\":\"https:\/\/terapeutica.com.pl\/\",\"name\":\"Terapeutica\",\"description\":\"Poradnia psychiatryczno - psychologiczna dla dzieci, m\u0142odzie\u017cy i rodzic\u00f3w w Milan\u00f3wku.\",\"publisher\":{\"@id\":\"https:\/\/terapeutica.com.pl\/#organization\"},\"potentialAction\":[{\"@type\":\"SearchAction\",\"target\":{\"@type\":\"EntryPoint\",\"urlTemplate\":\"https:\/\/terapeutica.com.pl\/?s={search_term_string}\"},\"query-input\":{\"@type\":\"PropertyValueSpecification\",\"valueRequired\":true,\"valueName\":\"search_term_string\"}}],\"inLanguage\":\"pl-PL\"},{\"@type\":\"Organization\",\"@id\":\"https:\/\/terapeutica.com.pl\/#organization\",\"name\":\"Terapeutica\",\"url\":\"https:\/\/terapeutica.com.pl\/\",\"logo\":{\"@type\":\"ImageObject\",\"inLanguage\":\"pl-PL\",\"@id\":\"https:\/\/terapeutica.com.pl\/#\/schema\/logo\/image\/\",\"url\":\"https:\/\/terapeutica.com.pl\/wp-content\/uploads\/2024\/10\/terap_logo.png\",\"contentUrl\":\"https:\/\/terapeutica.com.pl\/wp-content\/uploads\/2024\/10\/terap_logo.png\",\"width\":1080,\"height\":1080,\"caption\":\"Terapeutica\"},\"image\":{\"@id\":\"https:\/\/terapeutica.com.pl\/#\/schema\/logo\/image\/\"},\"sameAs\":[\"https:\/\/www.facebook.com\/terapeutica.milanowek\"]}]}<\/script>\n<!-- \/ Yoast SEO plugin. -->","yoast_head_json":{"title":"Marta Fuks - Terapeutica","robots":{"index":"index","follow":"follow","max-snippet":"max-snippet:-1","max-image-preview":"max-image-preview:large","max-video-preview":"max-video-preview:-1"},"canonical":"https:\/\/terapeutica.com.pl\/index.php\/marta-fuks\/","og_locale":"pl_PL","og_type":"article","og_title":"Marta Fuks - Terapeutica","og_description":"Psycholog, diagnosta dzieci i m\u0142odzie\u017cy z ca\u0142o\u015bciowymi zaburzeniami rozwoju m.in. narz\u0119dziem Ados \u2013 2. Prowadzi terapi\u0119 dzieci i m\u0142odzie\u017cy kr\u00f3tkoterminow\u0105 skoncentrowan\u0105 na rozwi\u0105zaniach. Kwalifikacje i do\u015bwiadczenie zawodowe Jestem absolwentk\u0105 Szko\u0142y Wy\u017cszej Psychologii Spo\u0142ecznej w Warszawie na Wydziale Psychologii oraz Mi\u0119dzywydzia\u0142owego Studium Pedagogicznego. Zawodowo od 12 lat zwi\u0105zana jestem z jedn\u0105...","og_url":"https:\/\/terapeutica.com.pl\/index.php\/marta-fuks\/","og_site_name":"Terapeutica","article_publisher":"https:\/\/www.facebook.com\/terapeutica.milanowek","article_modified_time":"2024-03-04T15:49:06+00:00","twitter_card":"summary_large_image","twitter_misc":{"Szacowany czas czytania":"1 minuta"},"schema":{"@context":"https:\/\/schema.org","@graph":[{"@type":"WebPage","@id":"https:\/\/terapeutica.com.pl\/index.php\/marta-fuks\/","url":"https:\/\/terapeutica.com.pl\/index.php\/marta-fuks\/","name":"Marta Fuks - Terapeutica","isPartOf":{"@id":"https:\/\/terapeutica.com.pl\/#website"},"datePublished":"2024-02-07T23:33:51+00:00","dateModified":"2024-03-04T15:49:06+00:00","breadcrumb":{"@id":"https:\/\/terapeutica.com.pl\/index.php\/marta-fuks\/#breadcrumb"},"inLanguage":"pl-PL","potentialAction":[{"@type":"ReadAction","target":["https:\/\/terapeutica.com.pl\/index.php\/marta-fuks\/"]}]},{"@type":"BreadcrumbList","@id":"https:\/\/terapeutica.com.pl\/index.php\/marta-fuks\/#breadcrumb","itemListElement":[{"@type":"ListItem","position":1,"name":"Strona g\u0142\u00f3wna","item":"https:\/\/terapeutica.com.pl\/"},{"@type":"ListItem","position":2,"name":"Marta Fuks"}]},{"@type":"WebSite","@id":"https:\/\/terapeutica.com.pl\/#website","url":"https:\/\/terapeutica.com.pl\/","name":"Terapeutica","description":"Poradnia psychiatryczno - psychologiczna dla dzieci, m\u0142odzie\u017cy i rodzic\u00f3w w Milan\u00f3wku.","publisher":{"@id":"https:\/\/terapeutica.com.pl\/#organization"},"potentialAction":[{"@type":"SearchAction","target":{"@type":"EntryPoint","urlTemplate":"https:\/\/terapeutica.com.pl\/?s={search_term_string}"},"query-input":{"@type":"PropertyValueSpecification","valueRequired":true,"valueName":"search_term_string"}}],"inLanguage":"pl-PL"},{"@type":"Organization","@id":"https:\/\/terapeutica.com.pl\/#organization","name":"Terapeutica","url":"https:\/\/terapeutica.com.pl\/","logo":{"@type":"ImageObject","inLanguage":"pl-PL","@id":"https:\/\/terapeutica.com.pl\/#\/schema\/logo\/image\/","url":"https:\/\/terapeutica.com.pl\/wp-content\/uploads\/2024\/10\/terap_logo.png","contentUrl":"https:\/\/terapeutica.com.pl\/wp-content\/uploads\/2024\/10\/terap_logo.png","width":1080,"height":1080,"caption":"Terapeutica"},"image":{"@id":"https:\/\/terapeutica.com.pl\/#\/schema\/logo\/image\/"},"sameAs":["https:\/\/www.facebook.com\/terapeutica.milanowek"]}]}},"_links":{"self":[{"href":"https:\/\/terapeutica.com.pl\/index.php\/wp-json\/wp\/v2\/pages\/3229"}],"collection":[{"href":"https:\/\/terapeutica.com.pl\/index.php\/wp-json\/wp\/v2\/pages"}],"about":[{"href":"https:\/\/terapeutica.com.pl\/index.php\/wp-json\/wp\/v2\/types\/page"}],"author":[{"embeddable":true,"href":"https:\/\/terapeutica.com.pl\/index.php\/wp-json\/wp\/v2\/users\/1"}],"replies":[{"embeddable":true,"href":"https:\/\/terapeutica.com.pl\/index.php\/wp-json\/wp\/v2\/comments?post=3229"}],"version-history":[{"count":7,"href":"https:\/\/terapeutica.com.pl\/index.php\/wp-json\/wp\/v2\/pages\/3229\/revisions"}],"predecessor-version":[{"id":3472,"href":"https:\/\/terapeutica.com.pl\/index.php\/wp-json\/wp\/v2\/pages\/3229\/revisions\/3472"}],"wp:attachment":[{"href":"https:\/\/terapeutica.com.pl\/index.php\/wp-json\/wp\/v2\/media?parent=3229"}],"curies":[{"name":"wp","href":"https:\/\/api.w.org\/{rel}","templated":true}]}}