{"id":3259,"date":"2024-02-08T01:34:04","date_gmt":"2024-02-08T00:34:04","guid":{"rendered":"https:\/\/u224582.webh.me\/?page_id=3259"},"modified":"2024-11-12T19:18:42","modified_gmt":"2024-11-12T18:18:42","slug":"kontakt","status":"publish","type":"page","link":"https:\/\/terapeutica.com.pl\/index.php\/kontakt\/","title":{"rendered":"Kontakt"},"content":{"rendered":"<div class=\"d-flex flex-column items-align-center text-center\">\n<b>ADRES<\/b><br \/>\nMilan\u00f3wek, ul. Okopy G\u00f3rne 9<br \/>\nWej\u015bcie : druga brama od ul. Zachodniej<\/p>\n<p><b>Dane kontaktowe :<\/b><br \/>\nTel. <a href=\"tel:+48506626434\">+48 506 626 434<\/a><\/p>\n<p>W celu um\u00f3wienia wizyty prosimy o kontakt telefoniczny, esemesowy lub emailowy.<br \/>\nOdpowiadamy na ka\u017cd\u0105 wys\u0142an\u0105 do nas wiadomo\u015b\u0107.<\/p>\n<p><b>Godziny otwarcia<\/b><br \/>\nSpotkania ze specjalistami odbywaj\u0105 si\u0119 w godzinach:<br \/>\n8.00 \u2013 20.00<\/p>\n<p>Biuro pracuje w godzinach ruchomych, dlatego preferujemy kontakt esemesowy lub emailowy.<\/p>\n<p><b>Spos\u00f3b p\u0142atno\u015bci<\/b><\/p>\n<p>Przyjmujemy p\u0142atno\u015bci got\u00f3wk\u0105 oraz kart\u0105 p\u0142atnicz\u0105.<br \/>\nMo\u017cna p\u0142aci\u0107 r\u00f3wnie\u017c przelewem<br \/>\nNr. Konta bankowego<br \/>\n90 1940 1076 3203 1993 0000 0000<\/p>\n<div class=\"duzaMapa\"><iframe src=\"https:\/\/www.google.com\/maps\/embed?pb=!1m14!1m8!1m3!1d4899.25018608442!2d20.649603129608145!3d52.12294988325004!3m2!1i1024!2i768!4f13.1!3m3!1m2!1s0x471948e16e43381f%3A0x59575b6be3f13701!2sOkopy%20G%C3%B3rne%209%2C%2005-822%20Milan%C3%B3wek!5e0!3m2!1spl!2spl!4v1707352429068!5m2!1spl!2spl\" width=\"600\" height=\"450\" style=\"border:0;\" allowfullscreen=\"\" loading=\"lazy\" referrerpolicy=\"no-referrer-when-downgrade\"><\/iframe><\/div>\n<div class=\"malaMapa\"><iframe src=\"https:\/\/www.google.com\/maps\/embed?pb=!1m14!1m8!1m3!1d4899.25018608442!2d20.649603129608145!3d52.12294988325004!3m2!1i1024!2i768!4f13.1!3m3!1m2!1s0x471948e16e43381f%3A0x59575b6be3f13701!2sOkopy%20G%C3%B3rne%209%2C%2005-822%20Milan%C3%B3wek!5e0!3m2!1spl!2spl!4v1707352429068!5m2!1spl!2spl\" width=\"300\" height=\"250\" style=\"border:0;\" allowfullscreen=\"\" loading=\"lazy\" referrerpolicy=\"no-referrer-when-downgrade\"><\/iframe><\/div>\n<\/div>\n","protected":false},"excerpt":{"rendered":"<p>ADRES Milan\u00f3wek, ul. Okopy G\u00f3rne 9 Wej\u015bcie : druga brama od ul. Zachodniej Dane kontaktowe : Tel. +48 506 626 434 W celu um\u00f3wienia wizyty prosimy o kontakt telefoniczny, esemesowy lub emailowy. Odpowiadamy na ka\u017cd\u0105 wys\u0142an\u0105 do nas wiadomo\u015b\u0107. Godziny otwarcia Spotkania ze specjalistami odbywaj\u0105 si\u0119 w godzinach: 8.00 \u2013&#8230;<\/p>\n","protected":false},"author":1,"featured_media":0,"parent":0,"menu_order":0,"comment_status":"closed","ping_status":"closed","template":"","meta":{"footnotes":""},"class_list":["post-3259","page","type-page","status-publish","hentry"],"yoast_head":"<!-- This site is optimized with the Yoast SEO plugin v23.5 - https:\/\/yoast.com\/wordpress\/plugins\/seo\/ -->\n<title>Kontakt - Terapeutica<\/title>\n<meta name=\"robots\" content=\"index, follow, max-snippet:-1, max-image-preview:large, max-video-preview:-1\" \/>\n<link rel=\"canonical\" href=\"https:\/\/terapeutica.com.pl\/index.php\/kontakt\/\" \/>\n<meta property=\"og:locale\" content=\"pl_PL\" \/>\n<meta property=\"og:type\" content=\"article\" \/>\n<meta property=\"og:title\" content=\"Kontakt - Terapeutica\" \/>\n<meta property=\"og:description\" content=\"ADRES Milan\u00f3wek, ul. Okopy G\u00f3rne 9 Wej\u015bcie : druga brama od ul. Zachodniej Dane kontaktowe : Tel. +48 506 626 434 W celu um\u00f3wienia wizyty prosimy o kontakt telefoniczny, esemesowy lub emailowy. Odpowiadamy na ka\u017cd\u0105 wys\u0142an\u0105 do nas wiadomo\u015b\u0107. Godziny otwarcia Spotkania ze specjalistami odbywaj\u0105 si\u0119 w godzinach: 8.00 \u2013...\" \/>\n<meta property=\"og:url\" content=\"https:\/\/terapeutica.com.pl\/index.php\/kontakt\/\" \/>\n<meta property=\"og:site_name\" content=\"Terapeutica\" \/>\n<meta property=\"article:publisher\" content=\"https:\/\/www.facebook.com\/terapeutica.milanowek\" \/>\n<meta property=\"article:modified_time\" content=\"2024-11-12T18:18:42+00:00\" \/>\n<meta name=\"twitter:card\" content=\"summary_large_image\" \/>\n<meta name=\"twitter:label1\" content=\"Szacowany czas czytania\" \/>\n\t<meta name=\"twitter:data1\" content=\"1 minuta\" \/>\n<script type=\"application\/ld+json\" class=\"yoast-schema-graph\">{\"@context\":\"https:\/\/schema.org\",\"@graph\":[{\"@type\":\"WebPage\",\"@id\":\"https:\/\/terapeutica.com.pl\/index.php\/kontakt\/\",\"url\":\"https:\/\/terapeutica.com.pl\/index.php\/kontakt\/\",\"name\":\"Kontakt - Terapeutica\",\"isPartOf\":{\"@id\":\"https:\/\/terapeutica.com.pl\/#website\"},\"datePublished\":\"2024-02-08T00:34:04+00:00\",\"dateModified\":\"2024-11-12T18:18:42+00:00\",\"breadcrumb\":{\"@id\":\"https:\/\/terapeutica.com.pl\/index.php\/kontakt\/#breadcrumb\"},\"inLanguage\":\"pl-PL\",\"potentialAction\":[{\"@type\":\"ReadAction\",\"target\":[\"https:\/\/terapeutica.com.pl\/index.php\/kontakt\/\"]}]},{\"@type\":\"BreadcrumbList\",\"@id\":\"https:\/\/terapeutica.com.pl\/index.php\/kontakt\/#breadcrumb\",\"itemListElement\":[{\"@type\":\"ListItem\",\"position\":1,\"name\":\"Strona g\u0142\u00f3wna\",\"item\":\"https:\/\/terapeutica.com.pl\/\"},{\"@type\":\"ListItem\",\"position\":2,\"name\":\"Kontakt\"}]},{\"@type\":\"WebSite\",\"@id\":\"https:\/\/terapeutica.com.pl\/#website\",\"url\":\"https:\/\/terapeutica.com.pl\/\",\"name\":\"Terapeutica\",\"description\":\"Poradnia psychiatryczno - psychologiczna dla dzieci, m\u0142odzie\u017cy i rodzic\u00f3w w Milan\u00f3wku.\",\"publisher\":{\"@id\":\"https:\/\/terapeutica.com.pl\/#organization\"},\"potentialAction\":[{\"@type\":\"SearchAction\",\"target\":{\"@type\":\"EntryPoint\",\"urlTemplate\":\"https:\/\/terapeutica.com.pl\/?s={search_term_string}\"},\"query-input\":{\"@type\":\"PropertyValueSpecification\",\"valueRequired\":true,\"valueName\":\"search_term_string\"}}],\"inLanguage\":\"pl-PL\"},{\"@type\":\"Organization\",\"@id\":\"https:\/\/terapeutica.com.pl\/#organization\",\"name\":\"Terapeutica\",\"url\":\"https:\/\/terapeutica.com.pl\/\",\"logo\":{\"@type\":\"ImageObject\",\"inLanguage\":\"pl-PL\",\"@id\":\"https:\/\/terapeutica.com.pl\/#\/schema\/logo\/image\/\",\"url\":\"https:\/\/terapeutica.com.pl\/wp-content\/uploads\/2024\/10\/terap_logo.png\",\"contentUrl\":\"https:\/\/terapeutica.com.pl\/wp-content\/uploads\/2024\/10\/terap_logo.png\",\"width\":1080,\"height\":1080,\"caption\":\"Terapeutica\"},\"image\":{\"@id\":\"https:\/\/terapeutica.com.pl\/#\/schema\/logo\/image\/\"},\"sameAs\":[\"https:\/\/www.facebook.com\/terapeutica.milanowek\"]}]}<\/script>\n<!-- \/ Yoast SEO plugin. -->","yoast_head_json":{"title":"Kontakt - Terapeutica","robots":{"index":"index","follow":"follow","max-snippet":"max-snippet:-1","max-image-preview":"max-image-preview:large","max-video-preview":"max-video-preview:-1"},"canonical":"https:\/\/terapeutica.com.pl\/index.php\/kontakt\/","og_locale":"pl_PL","og_type":"article","og_title":"Kontakt - Terapeutica","og_description":"ADRES Milan\u00f3wek, ul. Okopy G\u00f3rne 9 Wej\u015bcie : druga brama od ul. Zachodniej Dane kontaktowe : Tel. +48 506 626 434 W celu um\u00f3wienia wizyty prosimy o kontakt telefoniczny, esemesowy lub emailowy. Odpowiadamy na ka\u017cd\u0105 wys\u0142an\u0105 do nas wiadomo\u015b\u0107. Godziny otwarcia Spotkania ze specjalistami odbywaj\u0105 si\u0119 w godzinach: 8.00 \u2013...","og_url":"https:\/\/terapeutica.com.pl\/index.php\/kontakt\/","og_site_name":"Terapeutica","article_publisher":"https:\/\/www.facebook.com\/terapeutica.milanowek","article_modified_time":"2024-11-12T18:18:42+00:00","twitter_card":"summary_large_image","twitter_misc":{"Szacowany czas czytania":"1 minuta"},"schema":{"@context":"https:\/\/schema.org","@graph":[{"@type":"WebPage","@id":"https:\/\/terapeutica.com.pl\/index.php\/kontakt\/","url":"https:\/\/terapeutica.com.pl\/index.php\/kontakt\/","name":"Kontakt - Terapeutica","isPartOf":{"@id":"https:\/\/terapeutica.com.pl\/#website"},"datePublished":"2024-02-08T00:34:04+00:00","dateModified":"2024-11-12T18:18:42+00:00","breadcrumb":{"@id":"https:\/\/terapeutica.com.pl\/index.php\/kontakt\/#breadcrumb"},"inLanguage":"pl-PL","potentialAction":[{"@type":"ReadAction","target":["https:\/\/terapeutica.com.pl\/index.php\/kontakt\/"]}]},{"@type":"BreadcrumbList","@id":"https:\/\/terapeutica.com.pl\/index.php\/kontakt\/#breadcrumb","itemListElement":[{"@type":"ListItem","position":1,"name":"Strona g\u0142\u00f3wna","item":"https:\/\/terapeutica.com.pl\/"},{"@type":"ListItem","position":2,"name":"Kontakt"}]},{"@type":"WebSite","@id":"https:\/\/terapeutica.com.pl\/#website","url":"https:\/\/terapeutica.com.pl\/","name":"Terapeutica","description":"Poradnia psychiatryczno - psychologiczna dla dzieci, m\u0142odzie\u017cy i rodzic\u00f3w w Milan\u00f3wku.","publisher":{"@id":"https:\/\/terapeutica.com.pl\/#organization"},"potentialAction":[{"@type":"SearchAction","target":{"@type":"EntryPoint","urlTemplate":"https:\/\/terapeutica.com.pl\/?s={search_term_string}"},"query-input":{"@type":"PropertyValueSpecification","valueRequired":true,"valueName":"search_term_string"}}],"inLanguage":"pl-PL"},{"@type":"Organization","@id":"https:\/\/terapeutica.com.pl\/#organization","name":"Terapeutica","url":"https:\/\/terapeutica.com.pl\/","logo":{"@type":"ImageObject","inLanguage":"pl-PL","@id":"https:\/\/terapeutica.com.pl\/#\/schema\/logo\/image\/","url":"https:\/\/terapeutica.com.pl\/wp-content\/uploads\/2024\/10\/terap_logo.png","contentUrl":"https:\/\/terapeutica.com.pl\/wp-content\/uploads\/2024\/10\/terap_logo.png","width":1080,"height":1080,"caption":"Terapeutica"},"image":{"@id":"https:\/\/terapeutica.com.pl\/#\/schema\/logo\/image\/"},"sameAs":["https:\/\/www.facebook.com\/terapeutica.milanowek"]}]}},"_links":{"self":[{"href":"https:\/\/terapeutica.com.pl\/index.php\/wp-json\/wp\/v2\/pages\/3259"}],"collection":[{"href":"https:\/\/terapeutica.com.pl\/index.php\/wp-json\/wp\/v2\/pages"}],"about":[{"href":"https:\/\/terapeutica.com.pl\/index.php\/wp-json\/wp\/v2\/types\/page"}],"author":[{"embeddable":true,"href":"https:\/\/terapeutica.com.pl\/index.php\/wp-json\/wp\/v2\/users\/1"}],"replies":[{"embeddable":true,"href":"https:\/\/terapeutica.com.pl\/index.php\/wp-json\/wp\/v2\/comments?post=3259"}],"version-history":[{"count":7,"href":"https:\/\/terapeutica.com.pl\/index.php\/wp-json\/wp\/v2\/pages\/3259\/revisions"}],"predecessor-version":[{"id":3728,"href":"https:\/\/terapeutica.com.pl\/index.php\/wp-json\/wp\/v2\/pages\/3259\/revisions\/3728"}],"wp:attachment":[{"href":"https:\/\/terapeutica.com.pl\/index.php\/wp-json\/wp\/v2\/media?parent=3259"}],"curies":[{"name":"wp","href":"https:\/\/api.w.org\/{rel}","templated":true}]}}