{"id":3280,"date":"2024-02-08T14:04:01","date_gmt":"2024-02-08T13:04:01","guid":{"rendered":"https:\/\/u224582.webh.me\/?page_id=3280"},"modified":"2025-08-31T14:48:20","modified_gmt":"2025-08-31T12:48:20","slug":"cennik","status":"publish","type":"page","link":"https:\/\/terapeutica.com.pl\/index.php\/cennik\/","title":{"rendered":"Cennik"},"content":{"rendered":"<h4><\/h4>\n<h3 style=\"text-align: center;\">Zasady przyj\u0119\u0107<\/h3>\n<ul>\n<li>Wizyt\u0119 w poradni mo\u017cna um\u00f3wi\u0107 wy\u0142\u0105cznie telefonicznie .<\/li>\n<li>Konsultacja specjalistyczna jest pierwsz\u0105 wizyt\u0105 w naszej poradni. Warto na to spotkanie przynie\u015b\u0107 posiadan\u0105 dokumentacj\u0119 (np. ksi\u0105\u017ceczk\u0119 zdrowia, dotychczasow\u0105 dokumentacje medyczn\u0105 i psychologiczn\u0105). Je\u017celi rodzic\u00f3w kieruje szko\u0142a, przedszkole lub inna instytucja, warto poprosi\u0107 o napisanie informacji o problemie. Powy\u017csza dokumentacja jest niezwykle pomocna w zaplanowaniu i skr\u00f3ceniu czasu przeznaczonego na proces diagnostyczny i terapeutyczny. <strong>Je\u015bli rodzic nie jest zdecydowany do jakiego specjalisty powinien trafi\u0107, pierwsza wizyta powinna by\u0107 konsultacj\u0105 psychologiczn\u0105.<\/strong><\/li>\n<li>Kolejne wizyty s\u0105 zaplanowane w uzgodnieniu z rodzicami i wynikaj\u0105 ze wst\u0119pnej diagnozy po przeprowadzonej konsultacji psychologicznej. Konsultacja psychologiczna mo\u017ce by\u0107 te\u017c wizyt\u0105 dora\u017an\u0105, je\u017celi w jej wyniku uda si\u0119 pom\u00f3c w rozwi\u0105zaniu problemu.<\/li>\n<li>Ka\u017cda um\u00f3wiona wizyta jest potwierdzana telefonicznie przez recepcj\u0119 lub poprzez wys\u0142anie SMS-a. Brak SMS-a nie oznacza, \u017ce wizyta zosta\u0142a odwo\u0142ana.<\/li>\n<li>Odwo\u0142anie wizyty nast\u0119puje na \u017cyczenie klienta z co najmniej<strong> dwudniowym wyprzedzeniem.<\/strong><\/li>\n<li><strong>Bardzo prosimy o odwo\u0142ywanie wizyt telefonicznie lub SMS-em.<\/strong><\/li>\n<li>Niestawienie si\u0119 na wizyt\u0119 lub odwo\u0142anie wizyty w dniu, kiedy ma si\u0119 ona odby\u0107, skutkuje pobraniem op\u0142aty jak podano w cenniku.<\/li>\n<li>Sp\u00f3\u017anienie si\u0119 na wizyt\u0119 nie oznacza, \u017ce zaplanowana wizyta odb\u0119dzie si\u0119 w pe\u0142nym wymiarze czasowym przewidzianym na wizyt\u0119.<\/li>\n<li>Klient mo\u017ce wyst\u0105pi\u0107 z pro\u015bb\u0105 o wydanie opinii lub opisu przeprowadzonych test\u00f3w i bada\u0144. Czas przygotowania opinii lub opisu od momentu wykonania bada\u0144 lub z\u0142o\u017cenia zapotrzebowania wynosi oko\u0142o 2 tygodni.<\/li>\n<\/ul>\n<p><\/br><br \/>\n<\/br><\/p>\n<table class=\"table table-bordered text-left\">\n<thead>\n<tr>\n<th class=\"text-left\" style=\"text-align: left;\" colspan=\"2\">Psychiatria Dzieci i M\u0142odzie\u017cy<\/th>\n<\/tr>\n<\/thead>\n<tbody>\n<tr>\n<td class=\"text-left\">Konsultacja psychiatryczna diagnostyczna ( dwie pierwsze wizyty )<\/td>\n<td class=\"text-left\">90-120 min \u2013 650 z\u0142<\/td>\n<\/tr>\n<tr>\n<td class=\"text-left\">Wizyty kontrolne<\/td>\n<td class=\"text-left\">60-90min &#8211; 500 z\u0142<\/td>\n<\/tr>\n<tr>\n<td class=\"text-left\" colspan=\"2\">\nWizyty recepturowe telefoniczne ( monitorowanie leczenia ) \u2013 100 z\u0142<br \/>\nWizyty recepturowe ( wypisanie recepty, kontynuacja leczenia) \u2013 50 z\u0142\n<\/td>\n<\/tr>\n<\/tbody>\n<\/table>\n<table class=\"table table-bordered text-left\">\n<tbody>\n<tr>\n<th class=\"text-left\" style=\"text-align: left;\" colspan=\"2\">POMOC PSYCHOLOGICZNO &#8211; PEDAGOGICZNA<\/th>\n<\/tr>\n<tr>\n<th class=\"text-left\">Konsultacja<\/th>\n<td class=\"text-left\">50 min \u2013 250 z\u0142<\/td>\n<\/tr>\n<tr>\n<th class=\"text-left\" colspan=\"2\">Diagnoza psychologiczno &#8211; pedagogiczna<\/th>\n<\/tr>\n<tr>\n<td class=\"text-left\">Badanie psychologiczne<\/td>\n<td class=\"text-left\">120 min \u2013 500 z\u0142<\/td>\n<\/tr>\n<tr>\n<td class=\"text-left\">Badanie psychologiczne<\/td>\n<td class=\"text-left\">60 min \u2013 250 z\u0142<\/td>\n<\/tr>\n<tr>\n<td class=\"text-left\">Badanie pedagogiczne<\/td>\n<td class=\"text-left\">120 min \u2013 500 z\u0142<\/td>\n<\/tr>\n<tr>\n<td class=\"text-left\">Badanie CDI, STAIC\/STAI z opisem<\/td>\n<td class=\"text-left\">50 min \u2013 380 z\u0142<\/td>\n<\/tr>\n<tr>\n<td class=\"text-left\">Kwestionariusz ASRS z opisem<\/td>\n<td class=\"text-left\">250 z\u0142<\/td>\n<\/tr>\n<tr>\n<td class=\"text-left\">Kwestionariusz Conners-3 z opisem<\/td>\n<td class=\"text-left\">250 z\u0142<\/td>\n<\/tr>\n<tr>\n<td class=\"text-left\">ABAS z opisem<\/td>\n<td class=\"text-left\">250 z\u0142<\/td>\n<\/tr>\n<tr>\n<td class=\"text-left\">Badanie ADOS 2 z opisem<\/td>\n<td class=\"text-left\">60 min \u2013 900 z\u0142<\/td>\n<\/tr>\n<tr>\n<td class=\"text-left\">Badanie Neuroflow<\/td>\n<td class=\"text-left\">400 z\u0142<\/td>\n<\/tr>\n<tr>\n<th class=\"text-left\" style=\"text-align: left;\" colspan=\"2\">Spotkania terapeutyczne<\/th>\n<\/tr>\n<tr>\n<td class=\"text-left\">Psychoterapia\/Terapia psychologiczna indywidualna<\/td>\n<td class=\"text-left\">50 min \u2013 210 z\u0142<\/td>\n<\/tr>\n<tr>\n<td class=\"text-left\">Psychoterapia indywidualna dla rodzic\u00f3w<\/td>\n<td class=\"text-left\">50 min \u2013 210 z\u0142<\/td>\n<\/tr>\n<tr>\n<td class=\"text-left\">Spotkania rodzicielskie (2+2)<\/td>\n<td class=\"text-left\">50 min \u2013 350 z\u0142<\/td>\n<\/tr>\n<tr>\n<td class=\"text-left\">Konsultacje\/terapia rodzinna<\/td>\n<td class=\"text-left\">90 min \u2013 390 z\u0142<\/td>\n<\/tr>\n<tr>\n<th class=\"text-left\" style=\"text-align: left;\" colspan=\"2\">INNE<\/th>\n<\/tr>\n<tr>\n<td class=\"text-left\">Opinia \/ Informacja psychologiczna pisemna<\/td>\n<td class=\"text-left\">250 z\u0142<\/td>\n<\/tr>\n<tr>\n<td class=\"text-left\">Obserwacja dziecka poza poradni\u0105<\/td>\n<td class=\"text-left\">cena ustalana indywidualnie<\/td>\n<\/tr>\n<\/tbody>\n<\/table>\n","protected":false},"excerpt":{"rendered":"<p>Zasady przyj\u0119\u0107 Wizyt\u0119 w poradni mo\u017cna um\u00f3wi\u0107 wy\u0142\u0105cznie telefonicznie . Konsultacja specjalistyczna jest pierwsz\u0105 wizyt\u0105 w naszej poradni. Warto na to spotkanie przynie\u015b\u0107 posiadan\u0105 dokumentacj\u0119 (np. ksi\u0105\u017ceczk\u0119 zdrowia, dotychczasow\u0105 dokumentacje medyczn\u0105 i psychologiczn\u0105). Je\u017celi rodzic\u00f3w kieruje szko\u0142a, przedszkole lub inna instytucja, warto poprosi\u0107 o napisanie informacji o problemie. Powy\u017csza dokumentacja&#8230;<\/p>\n","protected":false},"author":1,"featured_media":0,"parent":0,"menu_order":0,"comment_status":"closed","ping_status":"closed","template":"","meta":{"footnotes":""},"class_list":["post-3280","page","type-page","status-publish","hentry"],"yoast_head":"<!-- This site is optimized with the Yoast SEO plugin v23.5 - https:\/\/yoast.com\/wordpress\/plugins\/seo\/ -->\n<title>Cennik - Terapeutica<\/title>\n<meta name=\"robots\" content=\"index, follow, max-snippet:-1, max-image-preview:large, max-video-preview:-1\" \/>\n<link rel=\"canonical\" href=\"https:\/\/terapeutica.com.pl\/index.php\/cennik\/\" \/>\n<meta property=\"og:locale\" content=\"pl_PL\" \/>\n<meta property=\"og:type\" content=\"article\" \/>\n<meta property=\"og:title\" content=\"Cennik - Terapeutica\" \/>\n<meta property=\"og:description\" content=\"Zasady przyj\u0119\u0107 Wizyt\u0119 w poradni mo\u017cna um\u00f3wi\u0107 wy\u0142\u0105cznie telefonicznie . Konsultacja specjalistyczna jest pierwsz\u0105 wizyt\u0105 w naszej poradni. Warto na to spotkanie przynie\u015b\u0107 posiadan\u0105 dokumentacj\u0119 (np. ksi\u0105\u017ceczk\u0119 zdrowia, dotychczasow\u0105 dokumentacje medyczn\u0105 i psychologiczn\u0105). Je\u017celi rodzic\u00f3w kieruje szko\u0142a, przedszkole lub inna instytucja, warto poprosi\u0107 o napisanie informacji o problemie. Powy\u017csza dokumentacja...\" \/>\n<meta property=\"og:url\" content=\"https:\/\/terapeutica.com.pl\/index.php\/cennik\/\" \/>\n<meta property=\"og:site_name\" content=\"Terapeutica\" \/>\n<meta property=\"article:publisher\" content=\"https:\/\/www.facebook.com\/terapeutica.milanowek\" \/>\n<meta property=\"article:modified_time\" content=\"2025-08-31T12:48:20+00:00\" \/>\n<meta name=\"twitter:card\" content=\"summary_large_image\" \/>\n<meta name=\"twitter:label1\" content=\"Szacowany czas czytania\" \/>\n\t<meta name=\"twitter:data1\" content=\"3 minuty\" \/>\n<script type=\"application\/ld+json\" class=\"yoast-schema-graph\">{\"@context\":\"https:\/\/schema.org\",\"@graph\":[{\"@type\":\"WebPage\",\"@id\":\"https:\/\/terapeutica.com.pl\/index.php\/cennik\/\",\"url\":\"https:\/\/terapeutica.com.pl\/index.php\/cennik\/\",\"name\":\"Cennik - Terapeutica\",\"isPartOf\":{\"@id\":\"https:\/\/terapeutica.com.pl\/#website\"},\"datePublished\":\"2024-02-08T13:04:01+00:00\",\"dateModified\":\"2025-08-31T12:48:20+00:00\",\"breadcrumb\":{\"@id\":\"https:\/\/terapeutica.com.pl\/index.php\/cennik\/#breadcrumb\"},\"inLanguage\":\"pl-PL\",\"potentialAction\":[{\"@type\":\"ReadAction\",\"target\":[\"https:\/\/terapeutica.com.pl\/index.php\/cennik\/\"]}]},{\"@type\":\"BreadcrumbList\",\"@id\":\"https:\/\/terapeutica.com.pl\/index.php\/cennik\/#breadcrumb\",\"itemListElement\":[{\"@type\":\"ListItem\",\"position\":1,\"name\":\"Strona g\u0142\u00f3wna\",\"item\":\"https:\/\/terapeutica.com.pl\/\"},{\"@type\":\"ListItem\",\"position\":2,\"name\":\"Cennik\"}]},{\"@type\":\"WebSite\",\"@id\":\"https:\/\/terapeutica.com.pl\/#website\",\"url\":\"https:\/\/terapeutica.com.pl\/\",\"name\":\"Terapeutica\",\"description\":\"Poradnia psychiatryczno - psychologiczna dla dzieci, m\u0142odzie\u017cy i rodzic\u00f3w w Milan\u00f3wku.\",\"publisher\":{\"@id\":\"https:\/\/terapeutica.com.pl\/#organization\"},\"potentialAction\":[{\"@type\":\"SearchAction\",\"target\":{\"@type\":\"EntryPoint\",\"urlTemplate\":\"https:\/\/terapeutica.com.pl\/?s={search_term_string}\"},\"query-input\":{\"@type\":\"PropertyValueSpecification\",\"valueRequired\":true,\"valueName\":\"search_term_string\"}}],\"inLanguage\":\"pl-PL\"},{\"@type\":\"Organization\",\"@id\":\"https:\/\/terapeutica.com.pl\/#organization\",\"name\":\"Terapeutica\",\"url\":\"https:\/\/terapeutica.com.pl\/\",\"logo\":{\"@type\":\"ImageObject\",\"inLanguage\":\"pl-PL\",\"@id\":\"https:\/\/terapeutica.com.pl\/#\/schema\/logo\/image\/\",\"url\":\"https:\/\/terapeutica.com.pl\/wp-content\/uploads\/2024\/10\/terap_logo.png\",\"contentUrl\":\"https:\/\/terapeutica.com.pl\/wp-content\/uploads\/2024\/10\/terap_logo.png\",\"width\":1080,\"height\":1080,\"caption\":\"Terapeutica\"},\"image\":{\"@id\":\"https:\/\/terapeutica.com.pl\/#\/schema\/logo\/image\/\"},\"sameAs\":[\"https:\/\/www.facebook.com\/terapeutica.milanowek\"]}]}<\/script>\n<!-- \/ Yoast SEO plugin. -->","yoast_head_json":{"title":"Cennik - Terapeutica","robots":{"index":"index","follow":"follow","max-snippet":"max-snippet:-1","max-image-preview":"max-image-preview:large","max-video-preview":"max-video-preview:-1"},"canonical":"https:\/\/terapeutica.com.pl\/index.php\/cennik\/","og_locale":"pl_PL","og_type":"article","og_title":"Cennik - Terapeutica","og_description":"Zasady przyj\u0119\u0107 Wizyt\u0119 w poradni mo\u017cna um\u00f3wi\u0107 wy\u0142\u0105cznie telefonicznie . Konsultacja specjalistyczna jest pierwsz\u0105 wizyt\u0105 w naszej poradni. Warto na to spotkanie przynie\u015b\u0107 posiadan\u0105 dokumentacj\u0119 (np. ksi\u0105\u017ceczk\u0119 zdrowia, dotychczasow\u0105 dokumentacje medyczn\u0105 i psychologiczn\u0105). Je\u017celi rodzic\u00f3w kieruje szko\u0142a, przedszkole lub inna instytucja, warto poprosi\u0107 o napisanie informacji o problemie. Powy\u017csza dokumentacja...","og_url":"https:\/\/terapeutica.com.pl\/index.php\/cennik\/","og_site_name":"Terapeutica","article_publisher":"https:\/\/www.facebook.com\/terapeutica.milanowek","article_modified_time":"2025-08-31T12:48:20+00:00","twitter_card":"summary_large_image","twitter_misc":{"Szacowany czas czytania":"3 minuty"},"schema":{"@context":"https:\/\/schema.org","@graph":[{"@type":"WebPage","@id":"https:\/\/terapeutica.com.pl\/index.php\/cennik\/","url":"https:\/\/terapeutica.com.pl\/index.php\/cennik\/","name":"Cennik - Terapeutica","isPartOf":{"@id":"https:\/\/terapeutica.com.pl\/#website"},"datePublished":"2024-02-08T13:04:01+00:00","dateModified":"2025-08-31T12:48:20+00:00","breadcrumb":{"@id":"https:\/\/terapeutica.com.pl\/index.php\/cennik\/#breadcrumb"},"inLanguage":"pl-PL","potentialAction":[{"@type":"ReadAction","target":["https:\/\/terapeutica.com.pl\/index.php\/cennik\/"]}]},{"@type":"BreadcrumbList","@id":"https:\/\/terapeutica.com.pl\/index.php\/cennik\/#breadcrumb","itemListElement":[{"@type":"ListItem","position":1,"name":"Strona g\u0142\u00f3wna","item":"https:\/\/terapeutica.com.pl\/"},{"@type":"ListItem","position":2,"name":"Cennik"}]},{"@type":"WebSite","@id":"https:\/\/terapeutica.com.pl\/#website","url":"https:\/\/terapeutica.com.pl\/","name":"Terapeutica","description":"Poradnia psychiatryczno - psychologiczna dla dzieci, m\u0142odzie\u017cy i rodzic\u00f3w w Milan\u00f3wku.","publisher":{"@id":"https:\/\/terapeutica.com.pl\/#organization"},"potentialAction":[{"@type":"SearchAction","target":{"@type":"EntryPoint","urlTemplate":"https:\/\/terapeutica.com.pl\/?s={search_term_string}"},"query-input":{"@type":"PropertyValueSpecification","valueRequired":true,"valueName":"search_term_string"}}],"inLanguage":"pl-PL"},{"@type":"Organization","@id":"https:\/\/terapeutica.com.pl\/#organization","name":"Terapeutica","url":"https:\/\/terapeutica.com.pl\/","logo":{"@type":"ImageObject","inLanguage":"pl-PL","@id":"https:\/\/terapeutica.com.pl\/#\/schema\/logo\/image\/","url":"https:\/\/terapeutica.com.pl\/wp-content\/uploads\/2024\/10\/terap_logo.png","contentUrl":"https:\/\/terapeutica.com.pl\/wp-content\/uploads\/2024\/10\/terap_logo.png","width":1080,"height":1080,"caption":"Terapeutica"},"image":{"@id":"https:\/\/terapeutica.com.pl\/#\/schema\/logo\/image\/"},"sameAs":["https:\/\/www.facebook.com\/terapeutica.milanowek"]}]}},"_links":{"self":[{"href":"https:\/\/terapeutica.com.pl\/index.php\/wp-json\/wp\/v2\/pages\/3280"}],"collection":[{"href":"https:\/\/terapeutica.com.pl\/index.php\/wp-json\/wp\/v2\/pages"}],"about":[{"href":"https:\/\/terapeutica.com.pl\/index.php\/wp-json\/wp\/v2\/types\/page"}],"author":[{"embeddable":true,"href":"https:\/\/terapeutica.com.pl\/index.php\/wp-json\/wp\/v2\/users\/1"}],"replies":[{"embeddable":true,"href":"https:\/\/terapeutica.com.pl\/index.php\/wp-json\/wp\/v2\/comments?post=3280"}],"version-history":[{"count":26,"href":"https:\/\/terapeutica.com.pl\/index.php\/wp-json\/wp\/v2\/pages\/3280\/revisions"}],"predecessor-version":[{"id":3735,"href":"https:\/\/terapeutica.com.pl\/index.php\/wp-json\/wp\/v2\/pages\/3280\/revisions\/3735"}],"wp:attachment":[{"href":"https:\/\/terapeutica.com.pl\/index.php\/wp-json\/wp\/v2\/media?parent=3280"}],"curies":[{"name":"wp","href":"https:\/\/api.w.org\/{rel}","templated":true}]}}