{"id":3737,"date":"2025-09-02T11:35:12","date_gmt":"2025-09-02T09:35:12","guid":{"rendered":"https:\/\/terapeutica.com.pl\/?page_id=3737"},"modified":"2025-09-02T11:43:53","modified_gmt":"2025-09-02T09:43:53","slug":"dorota-ulewicz","status":"publish","type":"page","link":"https:\/\/terapeutica.com.pl\/index.php\/dorota-ulewicz\/","title":{"rendered":"Dorota Ulewicz"},"content":{"rendered":"<div class=\"d-flex flex-row\">\n<div class=\"d-flex flex-column\" style=\"width: 25%;\">\n<img decoding=\"async\" src=\"\/wp-content\/uploads\/2025\/09\/Dulewicz1.jpeg\" width=\"180px\"><\/img><br \/>\nPsycholog diagnosta i terapeuta Obecnie w trakcie szkolenia psychoterapeutycznego w nurcie poznawczo-behawioralnym.<\/div>\n<div class=\"d-flex flex-column pl-3\" style=\"width: 74%;\">\n<p><b>Kwalifikacje i do\u015bwiadczenie zawodowe<\/b><\/p>\n<p>Jestem absolwentk\u0105 Uniwersytetu Humanistycznospo\u0142ecznego SWPS w Warszawie, gdzie<br \/>\nuko\u0144czy\u0142am Psychologi\u0119 kliniczn\u0105 i zdrowia oraz Uniwersytetu \u0141\u00f3dzkiego, na kt\u00f3rym<br \/>\nstudiowa\u0142am informatyk\u0119. Obecnie uczestnicz\u0119 w czteroletnim szkoleniu<br \/>\npsychoterapeutycznym w nurcie poznawczo-behawioralnym w Akademii Psychoterapii<br \/>\nINTEREGO. Uko\u0144czy\u0142am r\u00f3wnie\u017c kurs przygotowuj\u0105cy do pracy jako Trener umiej\u0119tno\u015bci<br \/>\nspo\u0142ecznych.<br \/>\nOdby\u0142am liczne kursy i szkolenia z zakresu pomocy psychologicznej i<br \/>\npsychoterapeutycznej dla doros\u0142ych oraz dzieci i m\u0142odzie\u017cy. Regularnie uczestnicz\u0119 w<br \/>\nsuperwizji, co pozwala mi podnosi\u0107 jako\u015b\u0107 pracy z pacjentami.<br \/>\nDo\u015bwiadczenie zawodowe zdobywa\u0142am m.in. podczas sta\u017cu klinicznego na Oddziale<br \/>\nDziennym Kliniki Nerwic, Zaburze\u0144 Osobowo\u015bci i Od\u017cywiania w Instytucie Psychiatrii i<br \/>\nNeurologii w Warszawie, w poradniach psychologicznych dla dzieci i m\u0142odzie\u017cy oraz w<br \/>\nporadni zdrowia psychicznego dla os\u00f3b doros\u0142ych. Prowadzi\u0142am m.in. Trening<br \/>\nUmiej\u0119tno\u015bci Spo\u0142ecznych (TUS), terapi\u0119 psychologiczn\u0105, oraz warsztaty dla rodzic\u00f3w.<\/p>\n<p><b>W poradni Terapeutica<\/b><\/p>\n<p>Prowadz\u0119 terapi\u0119 m\u0142odzie\u017cy i os\u00f3b doros\u0142ych oraz konsultacje z rodzicami .<\/p>\n<p><b>Prywatnie<\/b><\/p>\n<p>Mam trzech syn\u00f3w, jestem mi\u0142o\u015bniczk\u0105 ksi\u0105\u017cek, muzyki oraz aktywnego wypoczynku w<br \/>\ntowarzystwie rodziny i przyjaci\u00f3\u0142. Uwielbiam memy \ud83d\ude42<\/p>\n<\/div>\n","protected":false},"excerpt":{"rendered":"<p>Psycholog diagnosta i terapeuta Obecnie w trakcie szkolenia psychoterapeutycznego w nurcie poznawczo-behawioralnym. Kwalifikacje i do\u015bwiadczenie zawodowe Jestem absolwentk\u0105 Uniwersytetu Humanistycznospo\u0142ecznego SWPS w Warszawie, gdzie uko\u0144czy\u0142am Psychologi\u0119 kliniczn\u0105 i zdrowia oraz Uniwersytetu \u0141\u00f3dzkiego, na kt\u00f3rym studiowa\u0142am informatyk\u0119. Obecnie uczestnicz\u0119 w czteroletnim szkoleniu psychoterapeutycznym w nurcie poznawczo-behawioralnym w Akademii Psychoterapii INTEREGO. Uko\u0144czy\u0142am&#8230;<\/p>\n","protected":false},"author":1,"featured_media":0,"parent":0,"menu_order":0,"comment_status":"closed","ping_status":"closed","template":"","meta":{"footnotes":""},"class_list":["post-3737","page","type-page","status-publish","hentry"],"yoast_head":"<!-- This site is optimized with the Yoast SEO plugin v23.5 - https:\/\/yoast.com\/wordpress\/plugins\/seo\/ -->\n<title>Dorota Ulewicz - Terapeutica<\/title>\n<meta name=\"robots\" content=\"index, follow, max-snippet:-1, max-image-preview:large, max-video-preview:-1\" \/>\n<link rel=\"canonical\" href=\"https:\/\/terapeutica.com.pl\/index.php\/dorota-ulewicz\/\" \/>\n<meta property=\"og:locale\" content=\"pl_PL\" \/>\n<meta property=\"og:type\" content=\"article\" \/>\n<meta property=\"og:title\" content=\"Dorota Ulewicz - Terapeutica\" \/>\n<meta property=\"og:description\" content=\"Psycholog diagnosta i terapeuta Obecnie w trakcie szkolenia psychoterapeutycznego w nurcie poznawczo-behawioralnym. Kwalifikacje i do\u015bwiadczenie zawodowe Jestem absolwentk\u0105 Uniwersytetu Humanistycznospo\u0142ecznego SWPS w Warszawie, gdzie uko\u0144czy\u0142am Psychologi\u0119 kliniczn\u0105 i zdrowia oraz Uniwersytetu \u0141\u00f3dzkiego, na kt\u00f3rym studiowa\u0142am informatyk\u0119. Obecnie uczestnicz\u0119 w czteroletnim szkoleniu psychoterapeutycznym w nurcie poznawczo-behawioralnym w Akademii Psychoterapii INTEREGO. Uko\u0144czy\u0142am...\" \/>\n<meta property=\"og:url\" content=\"https:\/\/terapeutica.com.pl\/index.php\/dorota-ulewicz\/\" \/>\n<meta property=\"og:site_name\" content=\"Terapeutica\" \/>\n<meta property=\"article:publisher\" content=\"https:\/\/www.facebook.com\/terapeutica.milanowek\" \/>\n<meta property=\"article:modified_time\" content=\"2025-09-02T09:43:53+00:00\" \/>\n<meta name=\"twitter:card\" content=\"summary_large_image\" \/>\n<meta name=\"twitter:label1\" content=\"Szacowany czas czytania\" \/>\n\t<meta name=\"twitter:data1\" content=\"2 minuty\" \/>\n<script type=\"application\/ld+json\" class=\"yoast-schema-graph\">{\"@context\":\"https:\/\/schema.org\",\"@graph\":[{\"@type\":\"WebPage\",\"@id\":\"https:\/\/terapeutica.com.pl\/index.php\/dorota-ulewicz\/\",\"url\":\"https:\/\/terapeutica.com.pl\/index.php\/dorota-ulewicz\/\",\"name\":\"Dorota Ulewicz - Terapeutica\",\"isPartOf\":{\"@id\":\"https:\/\/terapeutica.com.pl\/#website\"},\"datePublished\":\"2025-09-02T09:35:12+00:00\",\"dateModified\":\"2025-09-02T09:43:53+00:00\",\"breadcrumb\":{\"@id\":\"https:\/\/terapeutica.com.pl\/index.php\/dorota-ulewicz\/#breadcrumb\"},\"inLanguage\":\"pl-PL\",\"potentialAction\":[{\"@type\":\"ReadAction\",\"target\":[\"https:\/\/terapeutica.com.pl\/index.php\/dorota-ulewicz\/\"]}]},{\"@type\":\"BreadcrumbList\",\"@id\":\"https:\/\/terapeutica.com.pl\/index.php\/dorota-ulewicz\/#breadcrumb\",\"itemListElement\":[{\"@type\":\"ListItem\",\"position\":1,\"name\":\"Strona g\u0142\u00f3wna\",\"item\":\"https:\/\/terapeutica.com.pl\/\"},{\"@type\":\"ListItem\",\"position\":2,\"name\":\"Dorota Ulewicz\"}]},{\"@type\":\"WebSite\",\"@id\":\"https:\/\/terapeutica.com.pl\/#website\",\"url\":\"https:\/\/terapeutica.com.pl\/\",\"name\":\"Terapeutica\",\"description\":\"Poradnia psychiatryczno - psychologiczna dla dzieci, m\u0142odzie\u017cy i rodzic\u00f3w w Milan\u00f3wku.\",\"publisher\":{\"@id\":\"https:\/\/terapeutica.com.pl\/#organization\"},\"potentialAction\":[{\"@type\":\"SearchAction\",\"target\":{\"@type\":\"EntryPoint\",\"urlTemplate\":\"https:\/\/terapeutica.com.pl\/?s={search_term_string}\"},\"query-input\":{\"@type\":\"PropertyValueSpecification\",\"valueRequired\":true,\"valueName\":\"search_term_string\"}}],\"inLanguage\":\"pl-PL\"},{\"@type\":\"Organization\",\"@id\":\"https:\/\/terapeutica.com.pl\/#organization\",\"name\":\"Terapeutica\",\"url\":\"https:\/\/terapeutica.com.pl\/\",\"logo\":{\"@type\":\"ImageObject\",\"inLanguage\":\"pl-PL\",\"@id\":\"https:\/\/terapeutica.com.pl\/#\/schema\/logo\/image\/\",\"url\":\"https:\/\/terapeutica.com.pl\/wp-content\/uploads\/2024\/10\/terap_logo.png\",\"contentUrl\":\"https:\/\/terapeutica.com.pl\/wp-content\/uploads\/2024\/10\/terap_logo.png\",\"width\":1080,\"height\":1080,\"caption\":\"Terapeutica\"},\"image\":{\"@id\":\"https:\/\/terapeutica.com.pl\/#\/schema\/logo\/image\/\"},\"sameAs\":[\"https:\/\/www.facebook.com\/terapeutica.milanowek\"]}]}<\/script>\n<!-- \/ Yoast SEO plugin. -->","yoast_head_json":{"title":"Dorota Ulewicz - Terapeutica","robots":{"index":"index","follow":"follow","max-snippet":"max-snippet:-1","max-image-preview":"max-image-preview:large","max-video-preview":"max-video-preview:-1"},"canonical":"https:\/\/terapeutica.com.pl\/index.php\/dorota-ulewicz\/","og_locale":"pl_PL","og_type":"article","og_title":"Dorota Ulewicz - Terapeutica","og_description":"Psycholog diagnosta i terapeuta Obecnie w trakcie szkolenia psychoterapeutycznego w nurcie poznawczo-behawioralnym. Kwalifikacje i do\u015bwiadczenie zawodowe Jestem absolwentk\u0105 Uniwersytetu Humanistycznospo\u0142ecznego SWPS w Warszawie, gdzie uko\u0144czy\u0142am Psychologi\u0119 kliniczn\u0105 i zdrowia oraz Uniwersytetu \u0141\u00f3dzkiego, na kt\u00f3rym studiowa\u0142am informatyk\u0119. Obecnie uczestnicz\u0119 w czteroletnim szkoleniu psychoterapeutycznym w nurcie poznawczo-behawioralnym w Akademii Psychoterapii INTEREGO. Uko\u0144czy\u0142am...","og_url":"https:\/\/terapeutica.com.pl\/index.php\/dorota-ulewicz\/","og_site_name":"Terapeutica","article_publisher":"https:\/\/www.facebook.com\/terapeutica.milanowek","article_modified_time":"2025-09-02T09:43:53+00:00","twitter_card":"summary_large_image","twitter_misc":{"Szacowany czas czytania":"2 minuty"},"schema":{"@context":"https:\/\/schema.org","@graph":[{"@type":"WebPage","@id":"https:\/\/terapeutica.com.pl\/index.php\/dorota-ulewicz\/","url":"https:\/\/terapeutica.com.pl\/index.php\/dorota-ulewicz\/","name":"Dorota Ulewicz - Terapeutica","isPartOf":{"@id":"https:\/\/terapeutica.com.pl\/#website"},"datePublished":"2025-09-02T09:35:12+00:00","dateModified":"2025-09-02T09:43:53+00:00","breadcrumb":{"@id":"https:\/\/terapeutica.com.pl\/index.php\/dorota-ulewicz\/#breadcrumb"},"inLanguage":"pl-PL","potentialAction":[{"@type":"ReadAction","target":["https:\/\/terapeutica.com.pl\/index.php\/dorota-ulewicz\/"]}]},{"@type":"BreadcrumbList","@id":"https:\/\/terapeutica.com.pl\/index.php\/dorota-ulewicz\/#breadcrumb","itemListElement":[{"@type":"ListItem","position":1,"name":"Strona g\u0142\u00f3wna","item":"https:\/\/terapeutica.com.pl\/"},{"@type":"ListItem","position":2,"name":"Dorota Ulewicz"}]},{"@type":"WebSite","@id":"https:\/\/terapeutica.com.pl\/#website","url":"https:\/\/terapeutica.com.pl\/","name":"Terapeutica","description":"Poradnia psychiatryczno - psychologiczna dla dzieci, m\u0142odzie\u017cy i rodzic\u00f3w w Milan\u00f3wku.","publisher":{"@id":"https:\/\/terapeutica.com.pl\/#organization"},"potentialAction":[{"@type":"SearchAction","target":{"@type":"EntryPoint","urlTemplate":"https:\/\/terapeutica.com.pl\/?s={search_term_string}"},"query-input":{"@type":"PropertyValueSpecification","valueRequired":true,"valueName":"search_term_string"}}],"inLanguage":"pl-PL"},{"@type":"Organization","@id":"https:\/\/terapeutica.com.pl\/#organization","name":"Terapeutica","url":"https:\/\/terapeutica.com.pl\/","logo":{"@type":"ImageObject","inLanguage":"pl-PL","@id":"https:\/\/terapeutica.com.pl\/#\/schema\/logo\/image\/","url":"https:\/\/terapeutica.com.pl\/wp-content\/uploads\/2024\/10\/terap_logo.png","contentUrl":"https:\/\/terapeutica.com.pl\/wp-content\/uploads\/2024\/10\/terap_logo.png","width":1080,"height":1080,"caption":"Terapeutica"},"image":{"@id":"https:\/\/terapeutica.com.pl\/#\/schema\/logo\/image\/"},"sameAs":["https:\/\/www.facebook.com\/terapeutica.milanowek"]}]}},"_links":{"self":[{"href":"https:\/\/terapeutica.com.pl\/index.php\/wp-json\/wp\/v2\/pages\/3737"}],"collection":[{"href":"https:\/\/terapeutica.com.pl\/index.php\/wp-json\/wp\/v2\/pages"}],"about":[{"href":"https:\/\/terapeutica.com.pl\/index.php\/wp-json\/wp\/v2\/types\/page"}],"author":[{"embeddable":true,"href":"https:\/\/terapeutica.com.pl\/index.php\/wp-json\/wp\/v2\/users\/1"}],"replies":[{"embeddable":true,"href":"https:\/\/terapeutica.com.pl\/index.php\/wp-json\/wp\/v2\/comments?post=3737"}],"version-history":[{"count":2,"href":"https:\/\/terapeutica.com.pl\/index.php\/wp-json\/wp\/v2\/pages\/3737\/revisions"}],"predecessor-version":[{"id":3741,"href":"https:\/\/terapeutica.com.pl\/index.php\/wp-json\/wp\/v2\/pages\/3737\/revisions\/3741"}],"wp:attachment":[{"href":"https:\/\/terapeutica.com.pl\/index.php\/wp-json\/wp\/v2\/media?parent=3737"}],"curies":[{"name":"wp","href":"https:\/\/api.w.org\/{rel}","templated":true}]}}